{"id":12781,"date":"2023-04-23T19:42:49","date_gmt":"2023-04-23T17:42:49","guid":{"rendered":"https:\/\/linemakeup.com\/?page_id=12781"},"modified":"2024-07-06T11:10:21","modified_gmt":"2024-07-06T09:10:21","slug":"mentions-legales","status":"publish","type":"page","link":"https:\/\/linemakeup.com\/en\/mentions-legales\/","title":{"rendered":"Terms of use"},"content":{"rendered":"<div style=\"height:21px\" aria-hidden=\"true\" class=\"wp-block-spacer\"><\/div>\n\n\n\n<h1 class=\"wp-block-heading\">MENTIONS L\u00c9GALES<\/h1>\n\n\n\n<p>\u00c0 travers cette charte, Mdigital Studio Ltd, l&#8217;\u00c9diteur, souhaite faire part aux Utilisateurs du site www.linemakeup.com, le Site, de ses engagements et des r\u00e8gles qu&#8217;ils auront \u00e0 respecter lors de leurs visites sur le site.<\/p>\n\n\n\n<h2 class=\"wp-block-heading\">1. IDENTIT\u00c9<\/h2>\n\n\n\n<p><strong>Mdigital Studio Ltd<\/strong><br>Registrar of Companies n\u00b0 756056<br><strong>Code APE :<\/strong>\u00a07311<\/p>\n\n\n\n<p><strong>Si\u00e8ge Social\u00a0<\/strong>:<br>Mdigital Studio Ltd &#8211; 77 Camden Street Lower Dublin D02 X08 Ireland<br><strong>E-mail:<\/strong>\u00a0contact@linemakeup.com<br><strong>Directeur de la publication :<\/strong>\u00a0Fr\u00e9d\u00e9ric METANIRE<\/p>\n\n\n\n<p><strong>H\u00e9bergeur :<\/strong><\/p>\n\n\n\n<p>IONOS<br>SARL au capital de 100000 \u20ac<\/p>\n\n\n\n<p>RCS Sarreguemines 431&nbsp;303&nbsp;775<\/p>\n\n\n\n<p>Code APE 6311Z<\/p>\n\n\n\n<p>N\u00b0 TVA : FR13431303775<\/p>\n\n\n\n<p>Si\u00e8ge social : 7, place de la Gare, BP 70109, 57200 Sarreguemines Cedex<\/p>\n\n\n\n<h2 class=\"wp-block-heading\">2. G\u00c9N\u00c9RALIT\u00c9S<\/h2>\n\n\n\n<p><strong>L&#8217;\u00c9diteur s&#8217;engage \u00e0 :<\/strong><\/p>\n\n\n\n<ol class=\"wp-block-list\">\n<li>v\u00e9rifier la validit\u00e9 des informations port\u00e9es \u00e0 la connaissance des Utilisateurs du Site<\/li>\n\n\n\n<li>faire ses meilleurs efforts pour le maintien en ligne des services propos\u00e9s sur le Site<\/li>\n<\/ol>\n\n\n\n<h2 class=\"wp-block-heading\">3. DONN\u00c9ES PERSONNELLES<\/h2>\n\n\n\n<p><strong>L&#8217;\u00c9diteur s&#8217;engage \u00e0 :<\/strong><\/p>\n\n\n\n<ol class=\"wp-block-list\">\n<li>assurer le respect des droits fondamentaux des Utilisateurs lors de la collecte de donn\u00e9es personnelles sur le Site<\/li>\n\n\n\n<li>tenir les Utilisateurs inform\u00e9s de toute collecte et traitement des donn\u00e9es personnelles qui le concernent : les donn\u00e9es personnelles transmises par l&#8217;Utilisateur sur le Site ne seront pas transf\u00e9r\u00e9es \u00e0 un tiers<\/li>\n\n\n\n<li>r\u00e9pondre aux questions des Utilisateurs sur le traitement des donn\u00e9es personnelles et nominatives<\/li>\n<\/ol>\n\n\n\n<p>Conform\u00e9ment \u00e0 la loi Informatique et Libert\u00e9s du 6 janvier 1978, l&#8217;Utilisateur dispose d&#8217;un droit d&#8217;acc\u00e8s et de rectification des donn\u00e9es personnelles et nominatives qu&#8217;il a transmises \u00e0 l&#8217;\u00c9diteur. Ce droit pourra \u00eatre exerc\u00e9 directement en ligne.<\/p>\n\n\n\n<h2 class=\"wp-block-heading\">4. PROPRI\u00c9T\u00c9 INTELLECTUELLE<\/h2>\n\n\n\n<p><strong>L&#8217;\u00c9diteur s&#8217;engage \u00e0 :<\/strong><\/p>\n\n\n\n<ol class=\"wp-block-list\">\n<li>fournir l&#8217;information sur les droits et obligations lors de l&#8217;utilisation des contenus l\u00e9galement prot\u00e9g\u00e9s<\/li>\n\n\n\n<li>promouvoir les techniques de protection des \u0153uvres et la lutte contre le piratage des contenus<\/li>\n<\/ol>\n\n\n\n<h2 class=\"wp-block-heading\">5. GARANTIE VIS-\u00c0-VIS DES UTILISATEURS<\/h2>\n\n\n\n<p><strong>L&#8217;\u00c9diteur s&#8217;engage \u00e0 :<\/strong><\/p>\n\n\n\n<ol class=\"wp-block-list\">\n<li>assurer la s\u00e9curit\u00e9 juridique des transactions de paiement<\/li>\n\n\n\n<li>fournir les informations requises pr\u00e9alablement aux transactions de paiement<\/li>\n\n\n\n<li>d\u00e9ployer tous les moyens pour r\u00e9pondre &#8220;en ligne&#8221; ; aux questions des Utilisateurs<\/li>\n\n\n\n<li>faire ses meilleurs efforts pour garantir la fiabilit\u00e9, la pertinence et l&#8217;exactitude des contenus pouvant \u00eatre produits par des tiers et diffus\u00e9s sur le Site<\/li>\n<\/ol>\n\n\n\n<h2 class=\"wp-block-heading\">6. ENGAGEMENTS DE L&#8217;UTILISATEUR<\/h2>\n\n\n\n<p>L&#8217;Utilisateur s&#8217;engage \u00e0 respecter les r\u00e8gles de propri\u00e9t\u00e9 intellectuelle applicables aux contenus du Site.<br>En dehors d&#8217;un usage strictement personnel et priv\u00e9, l&#8217;Utilisateur s&#8217;engage \u00e0 ne pas r\u00e9sumer, adapter, publier et\/ou distribuer, modifier, alt\u00e9rer ou reproduire de quelque mani\u00e8re que ce soit l&#8217;un des quelconques contenus accessibles sur le Site, tel que les images informatiques, fichiers, articles, illustrations, bases de donn\u00e9es, sons, logiciels, graphismes, polices, marques, logos ou toute autre information sans autorisation pr\u00e9alable et \u00e9crite de la part de l&#8217;\u00c9diteur, et \u00e0 ne pas reprendre tout ou partie du Site sur un autre site accessible par Internet ou Intranet.<\/p>\n\n\n\n<h2 class=\"wp-block-heading\">7. NOS CONSEILS POUR UNE NAVIGATION S\u00dbRE<\/h2>\n\n\n\n<p>Ne jamais donner ses mots de passe \u00e0 qui que ce soit.<br>Attention aux \u00e9l\u00e9ments attach\u00e9s \u00e0 des emails de provenance inconnue, ils peuvent contenir des virus.<\/p>\n\n\n\n<h2 class=\"wp-block-heading\">8. CR\u00c9DITS PHOTOS<\/h2>\n\n\n\n<p>Phototh\u00e8que \u00a9 Linemakeup Pro \/ Mdigital<\/p>\n\n\n\n<h2 class=\"wp-block-heading\">9. UTILISATION DES COOKIES<\/h2>\n\n\n\n<p>Ce site utilise Google Analytics, un service d&#8217;analyse de site Internet fourni par Google Inc. (\u00ab Google \u00bb). Google Analytics utilise des cookies, qui sont des fichiers texte plac\u00e9s sur votre ordinateur, pour aider le site internet \u00e0 analyser l&#8217;utilisation du site par ses utilisateurs. Les donn\u00e9es g\u00e9n\u00e9r\u00e9es par les cookies concernant votre utilisation du site (y compris votre adresse IP) seront transmises et stock\u00e9es par Google sur des serveurs situ\u00e9s aux Etats-Unis. Google utilisera cette information dans le but d&#8217;\u00e9valuer votre utilisation du site, de compiler des rapports sur l&#8217;activit\u00e9 du site \u00e0 destination de son \u00e9diteur et de fournir d&#8217;autres services relatifs \u00e0 l&#8217;activit\u00e9 du site et \u00e0 l&#8217;utilisation d&#8217;Internet. Google est susceptible de communiquer ces donn\u00e9es \u00e0 des tiers en cas d&#8217;obligation l\u00e9gale ou lorsque ces tiers traitent ces donn\u00e9es pour le compte de Google, y compris notamment l&#8217;\u00e9diteur de ce site. Google ne recoupera pas votre adresse IP avec toute autre donn\u00e9e d\u00e9tenue par Google. Vous pouvez d\u00e9sactiver l&#8217;utilisation de cookies en s\u00e9lectionnant les param\u00e8tres appropri\u00e9s de votre navigateur. Cependant, une telle d\u00e9sactivation pourrait emp\u00eacher l&#8217;utilisation de certaines fonctionnalit\u00e9s de ce site. En utilisant ce site Internet, vous consentez express\u00e9ment au traitement de vos donn\u00e9es nominatives par Google dans les conditions et pour les finalit\u00e9s d\u00e9crites ci-dessus.<\/p>\n\n\n\n<p>Pour toute information compl\u00e9mentaire, vous pouvez nous contacter sur contact@linemakeup.com<\/p>\n\n\n\n<div style=\"height:16px\" aria-hidden=\"true\" class=\"wp-block-spacer\"><\/div>","protected":false},"excerpt":{"rendered":"<p>MENTIONS L\u00c9GALES \u00c0 travers cette charte, Mdigital Studio Ltd, l&#8217;\u00c9diteur, souhaite faire part aux Utilisateurs du site www.linemakeup.com, le Site, de ses engagements et des r\u00e8gles qu&#8217;ils auront \u00e0 respecter lors de leurs visites sur le site. 1. IDENTIT\u00c9 Mdigital Studio LtdRegistrar of Companies n\u00b0 756056Code APE :\u00a07311 Si\u00e8ge Social\u00a0:Mdigital Studio Ltd &#8211; 77 Camden&#8230;<\/p>","protected":false},"author":2,"featured_media":0,"parent":0,"menu_order":0,"comment_status":"closed","ping_status":"closed","template":"","meta":{"_seopress_robots_primary_cat":"","_seopress_titles_title":"","_seopress_titles_desc":"","_seopress_robots_index":"","_coblocks_attr":"","_coblocks_dimensions":"","_coblocks_responsive_height":"","_coblocks_accordion_ie_support":"","_eb_attr":"","_kad_post_transparent":"","_kad_post_title":"","_kad_post_layout":"","_kad_post_sidebar_id":"","_kad_post_content_style":"","_kad_post_vertical_padding":"","_kad_post_feature":"","_kad_post_feature_position":"","_kad_post_header":false,"_kad_post_footer":false,"_kad_post_classname":"","_jet_sm_ready_style":"","_jet_sm_style":"","_jet_sm_controls_values":"","_jet_sm_fonts_collection":"","_jet_sm_fonts_links":"","footnotes":""},"formation":[],"class_list":["post-12781","page","type-page","status-publish","hentry"],"_links":{"self":[{"href":"https:\/\/linemakeup.com\/en\/wp-json\/wp\/v2\/pages\/12781","targetHints":{"allow":["GET"]}}],"collection":[{"href":"https:\/\/linemakeup.com\/en\/wp-json\/wp\/v2\/pages"}],"about":[{"href":"https:\/\/linemakeup.com\/en\/wp-json\/wp\/v2\/types\/page"}],"author":[{"embeddable":true,"href":"https:\/\/linemakeup.com\/en\/wp-json\/wp\/v2\/users\/2"}],"replies":[{"embeddable":true,"href":"https:\/\/linemakeup.com\/en\/wp-json\/wp\/v2\/comments?post=12781"}],"version-history":[{"count":6,"href":"https:\/\/linemakeup.com\/en\/wp-json\/wp\/v2\/pages\/12781\/revisions"}],"predecessor-version":[{"id":36417,"href":"https:\/\/linemakeup.com\/en\/wp-json\/wp\/v2\/pages\/12781\/revisions\/36417"}],"wp:attachment":[{"href":"https:\/\/linemakeup.com\/en\/wp-json\/wp\/v2\/media?parent=12781"}],"wp:term":[{"taxonomy":"formation","embeddable":true,"href":"https:\/\/linemakeup.com\/en\/wp-json\/wp\/v2\/formation?post=12781"}],"curies":[{"name":"wp","href":"https:\/\/api.w.org\/{rel}","templated":true}]}}