{"id":12791,"date":"2023-04-23T20:10:44","date_gmt":"2023-04-23T18:10:44","guid":{"rendered":"https:\/\/linemakeup.com\/?page_id=12791"},"modified":"2024-07-06T11:15:50","modified_gmt":"2024-07-06T09:15:50","slug":"kits-politique-de-retour","status":"publish","type":"page","link":"https:\/\/linemakeup.com\/en\/kits-politique-de-retour\/","title":{"rendered":"Kits &#8211; Politique de retour"},"content":{"rendered":"<div style=\"height:27px\" aria-hidden=\"true\" class=\"wp-block-spacer\"><\/div>\n\n\n\n<h4 class=\"wp-block-heading\">Pr\u00e9alable<\/h4>\n\n\n\n<p>Notre politique de remboursement et de retour dure 30 jours. Si 30 jours se sont \u00e9coul\u00e9s depuis votre achat, nous ne pouvons pas vous offrir un remboursement complet ou un \u00e9change.<\/p>\n\n\n\n<p>Pour \u00eatre \u00e9ligible \u00e0 un retour, votre article doit \u00eatre inutilis\u00e9 et dans le m\u00eame \u00e9tat que vous l\u2019avez re\u00e7u. Il doit \u00e9galement \u00eatre dans l\u2019emballage d\u2019origine.<\/p>\n\n\n\n<p>Plusieurs types de marchandises sont exempt\u00e9s de retour. Les denr\u00e9es p\u00e9rissables telles que la nourriture, les fleurs, les journaux ou les magazines ne peuvent pas \u00eatre retourn\u00e9s. Nous n\u2019acceptons pas non plus les produits intimes ou sanitaires, les mati\u00e8res dangereuses ou les liquides ou gaz inflammables.<\/p>\n\n\n\n<p>Articles non retournables suppl\u00e9mentaires&nbsp;:<\/p>\n\n\n\n<ul class=\"wp-block-list\">\n<li>Cartes cadeaux<\/li>\n\n\n\n<li>Produits logiciels t\u00e9l\u00e9chargeables<\/li>\n\n\n\n<li>Certains articles de sant\u00e9 et de soins personnels<\/li>\n<\/ul>\n\n\n\n<p>Pour compl\u00e9ter votre retour, nous avons besoin d\u2019un re\u00e7u\/facture comme preuve d\u2019achat.<\/p>\n\n\n\n<p>Veuillez ne pas renvoyer votre achat au fabricant.<\/p>\n\n\n\n<p>Il existe certaines situations o\u00f9 seuls des remboursements partiels sont accord\u00e9s :<\/p>\n\n\n\n<ul class=\"wp-block-list\">\n<li>Tout article qui n\u2019est pas dans son \u00e9tat d\u2019origine, est endommag\u00e9 ou manque de pi\u00e8ces pour des raisons non dues \u00e0 notre erreur.<\/li>\n\n\n\n<li>Tout article retourn\u00e9 plus de 30 jours apr\u00e8s la livraison.<\/li>\n<\/ul>\n\n\n\n<h4 class=\"wp-block-heading\">Remboursements&nbsp;<\/h4>\n\n\n\n<p>Une fois votre colis retourn\u00e9, re\u00e7u et inspect\u00e9, nous vous enverrons un e-mail pour vous informer que nous avons re\u00e7u votre article retourn\u00e9. Nous vous informerons \u00e9galement de l\u2019approbation ou du rejet de votre remboursement.<\/p>\n\n\n\n<p>Si vous \u00eates approuv\u00e9, votre remboursement sera trait\u00e9 et un cr\u00e9dit sera automatiquement appliqu\u00e9 \u00e0 votre carte de cr\u00e9dit ou \u00e0 votre mode de paiement original, dans un d\u00e9lai de 30 jours.<\/p>\n\n\n\n<p>Remboursements tardifs ou manquants<\/p>\n\n\n\n<p>Si vous n\u2019avez pas encore re\u00e7u de remboursement, v\u00e9rifiez d\u2019abord \u00e0 nouveau votre compte bancaire.<\/p>\n\n\n\n<p>Ensuite, contactez votre soci\u00e9t\u00e9 de carte de cr\u00e9dit, cela peut prendre un certain temps avant que votre remboursement ne soit officiellement publi\u00e9.<\/p>\n\n\n\n<p>Contactez ensuite votre banque. Il y a souvent un certain temps de traitement avant qu\u2019un remboursement ne soit affich\u00e9.<\/p>\n\n\n\n<p>Si vous avez fait tout cela et que vous n\u2019avez toujours pas re\u00e7u votre remboursement, veuillez nous contacter \u00e0 contact@linemakeup.com<\/p>\n\n\n\n<h4 class=\"wp-block-heading\">Articles en promotion<\/h4>\n\n\n\n<p>Seuls les articles (produits physiques) \u00e0 prix r\u00e9gulier peuvent \u00eatre rembours\u00e9s. Les articles sold\u00e9s ne peuvent pas \u00eatre rembours\u00e9s.<\/p>\n\n\n\n<h4 class=\"wp-block-heading\">\u00c9changes<\/h4>\n\n\n\n<p>Nous ne rempla\u00e7ons les articles que s\u2019ils sont d\u00e9fectueux ou endommag\u00e9s. Si vous devez l\u2019\u00e9changer contre le m\u00eame article, envoyez-nous un e-mail \u00e0 contact@linemakeup.com et envoyez votre article \u00e0 : Mdigital Studio Ltd 77 Camden Street Dublin D02 X08 Ireland.<\/p>\n\n\n\n<p>Cadeaux<\/p>\n\n\n\n<p>Si l\u2019article a \u00e9t\u00e9 marqu\u00e9 comme cadeau lors de l\u2019achat et vous a \u00e9t\u00e9 exp\u00e9di\u00e9 directement, vous recevrez un cr\u00e9dit-cadeau correspondant \u00e0 la valeur de votre retour. Une fois l\u2019article retourn\u00e9 re\u00e7u, un ch\u00e8que-cadeau vous sera envoy\u00e9 par la poste.<\/p>\n\n\n\n<p>Si l\u2019article n\u2019a pas \u00e9t\u00e9 marqu\u00e9 comme cadeau lors de l\u2019achat, ou si le donneur de cadeau s\u2019est fait exp\u00e9dier la commande pour vous la remettre plus tard, nous enverrons un remboursement au donneur de cadeau et il sera inform\u00e9 de votre retour.<\/p>\n\n\n\n<h4 class=\"wp-block-heading\">Exp\u00e9dition &amp; retours<\/h4>\n\n\n\n<p>Pour retourner votre produit, vous devez envoyer votre produit \u00e0 : Mdigital Studio Ltd 77 Camden Street Dublin D02 X08 Ireland.<\/p>\n\n\n\n<p>Vous serez responsable du paiement de vos propres frais d\u2019exp\u00e9dition pour le retour de votre article. Les frais d\u2019exp\u00e9dition ne sont pas remboursables. Si vous recevez un remboursement, les frais de retour seront d\u00e9duits de votre remboursement.<\/p>\n\n\n\n<p>Selon l\u2019endroit o\u00f9 vous habitez, le temps n\u00e9cessaire pour que votre produit \u00e9chang\u00e9 vous parvienne peut varier.<\/p>\n\n\n\n<p>Si vous retournez des articles plus chers, vous pouvez envisager d\u2019utiliser un service d\u2019exp\u00e9dition tra\u00e7able ou de souscrire une assurance d\u2019exp\u00e9dition. Nous ne garantissons pas que nous recevrons votre article retourn\u00e9.<\/p>\n\n\n\n<h4 class=\"wp-block-heading\">Besoin d\u2019aide?<\/h4>\n\n\n\n<p>Contactez-nous \u00e0 contact@linemakeup.com pour toute question relative aux remboursements et aux retours.<\/p>\n\n\n\n<div style=\"height:27px\" aria-hidden=\"true\" class=\"wp-block-spacer\"><\/div>","protected":false},"excerpt":{"rendered":"<p>Pr\u00e9alable Notre politique de remboursement et de retour dure 30 jours. Si 30 jours se sont \u00e9coul\u00e9s depuis votre achat, nous ne pouvons pas vous offrir un remboursement complet ou un \u00e9change. Pour \u00eatre \u00e9ligible \u00e0 un retour, votre article doit \u00eatre inutilis\u00e9 et dans le m\u00eame \u00e9tat que vous l\u2019avez re\u00e7u. Il doit \u00e9galement&#8230;<\/p>","protected":false},"author":2,"featured_media":0,"parent":0,"menu_order":0,"comment_status":"closed","ping_status":"closed","template":"","meta":{"_seopress_robots_primary_cat":"","_seopress_titles_title":"","_seopress_titles_desc":"","_seopress_robots_index":"","_coblocks_attr":"","_coblocks_dimensions":"","_coblocks_responsive_height":"","_coblocks_accordion_ie_support":"","_eb_attr":"","_kad_post_transparent":"","_kad_post_title":"","_kad_post_layout":"","_kad_post_sidebar_id":"","_kad_post_content_style":"","_kad_post_vertical_padding":"","_kad_post_feature":"","_kad_post_feature_position":"","_kad_post_header":false,"_kad_post_footer":false,"_kad_post_classname":"","_jet_sm_ready_style":"","_jet_sm_style":"","_jet_sm_controls_values":"","_jet_sm_fonts_collection":"","_jet_sm_fonts_links":"","footnotes":""},"formation":[],"class_list":["post-12791","page","type-page","status-publish","hentry"],"_links":{"self":[{"href":"https:\/\/linemakeup.com\/en\/wp-json\/wp\/v2\/pages\/12791","targetHints":{"allow":["GET"]}}],"collection":[{"href":"https:\/\/linemakeup.com\/en\/wp-json\/wp\/v2\/pages"}],"about":[{"href":"https:\/\/linemakeup.com\/en\/wp-json\/wp\/v2\/types\/page"}],"author":[{"embeddable":true,"href":"https:\/\/linemakeup.com\/en\/wp-json\/wp\/v2\/users\/2"}],"replies":[{"embeddable":true,"href":"https:\/\/linemakeup.com\/en\/wp-json\/wp\/v2\/comments?post=12791"}],"version-history":[{"count":4,"href":"https:\/\/linemakeup.com\/en\/wp-json\/wp\/v2\/pages\/12791\/revisions"}],"predecessor-version":[{"id":36419,"href":"https:\/\/linemakeup.com\/en\/wp-json\/wp\/v2\/pages\/12791\/revisions\/36419"}],"wp:attachment":[{"href":"https:\/\/linemakeup.com\/en\/wp-json\/wp\/v2\/media?parent=12791"}],"wp:term":[{"taxonomy":"formation","embeddable":true,"href":"https:\/\/linemakeup.com\/en\/wp-json\/wp\/v2\/formation?post=12791"}],"curies":[{"name":"wp","href":"https:\/\/api.w.org\/{rel}","templated":true}]}}