{"id":20760,"date":"2023-05-07T20:19:20","date_gmt":"2023-05-07T18:19:20","guid":{"rendered":"https:\/\/linemakeup.com\/?page_id=20760"},"modified":"2023-05-07T20:53:36","modified_gmt":"2023-05-07T18:53:36","slug":"le-combo-maquillage-permanent","status":"publish","type":"page","link":"https:\/\/linemakeup.com\/en\/le-combo-maquillage-permanent\/","title":{"rendered":"Le Combo Brows, le mix du Maquillage Permanent !"},"content":{"rendered":"<style>.kb-row-layout-id_e2b29c-e4 > .kt-row-column-wrap{align-content:start;}:where(.kb-row-layout-id_e2b29c-e4 > .kt-row-column-wrap) > .wp-block-kadence-column{justify-content:start;}.kb-row-layout-id_e2b29c-e4 > .kt-row-column-wrap{column-gap:var(--global-kb-gap-md, 2rem);row-gap:var(--global-kb-gap-md, 2rem);padding-top:var(--global-kb-spacing-sm, 1.5rem);padding-bottom:var(--global-kb-spacing-sm, 1.5rem);grid-template-columns:minmax(0, 1fr);}.kb-row-layout-id_e2b29c-e4 > .kt-row-layout-overlay{opacity:0.30;}@media all and (max-width: 1024px){.kb-row-layout-id_e2b29c-e4 > .kt-row-column-wrap{grid-template-columns:minmax(0, 1fr);}}@media all and (max-width: 767px){.kb-row-layout-id_e2b29c-e4 > .kt-row-column-wrap{grid-template-columns:minmax(0, 1fr);}}<\/style><div class=\"kb-row-layout-wrap kb-row-layout-id_e2b29c-e4 alignnone wp-block-kadence-rowlayout\"><div class=\"kt-row-column-wrap kt-has-1-columns kt-row-layout-equal kt-tab-layout-inherit kt-mobile-layout-row kt-row-valign-top\">\n<style>.kadence-column_0a0b1c-a4 > .kt-inside-inner-col,.kadence-column_0a0b1c-a4 > .kt-inside-inner-col:before{border-top-left-radius:0px;border-top-right-radius:0px;border-bottom-right-radius:0px;border-bottom-left-radius:0px;}.kadence-column_0a0b1c-a4 > .kt-inside-inner-col{column-gap:var(--global-kb-gap-sm, 1rem);}.kadence-column_0a0b1c-a4 > .kt-inside-inner-col{flex-direction:column;}.kadence-column_0a0b1c-a4 > .kt-inside-inner-col > .aligncenter{width:100%;}.kadence-column_0a0b1c-a4 > .kt-inside-inner-col:before{opacity:0.3;}.kadence-column_0a0b1c-a4{position:relative;}@media all and (max-width: 1024px){.kadence-column_0a0b1c-a4 > .kt-inside-inner-col{flex-direction:column;justify-content:center;}}@media all and (max-width: 767px){.kadence-column_0a0b1c-a4 > .kt-inside-inner-col{flex-direction:column;justify-content:center;}}<\/style>\n<div class=\"wp-block-kadence-column kadence-column_0a0b1c-a4\"><div class=\"kt-inside-inner-col\"><style>.wp-block-kadence-advancedheading.kt-adv-heading_f1c7e3-57, .wp-block-kadence-advancedheading.kt-adv-heading_f1c7e3-57[data-kb-block=\"kb-adv-heading_f1c7e3-57\"]{font-weight:400;font-style:normal;font-family:'Titillium Web';}.wp-block-kadence-advancedheading.kt-adv-heading_f1c7e3-57 mark.kt-highlight, .wp-block-kadence-advancedheading.kt-adv-heading_f1c7e3-57[data-kb-block=\"kb-adv-heading_f1c7e3-57\"] mark.kt-highlight{font-style:normal;color:#f76a0c;-webkit-box-decoration-break:clone;box-decoration-break:clone;padding-top:0px;padding-right:0px;padding-bottom:0px;padding-left:0px;}.wp-block-kadence-advancedheading.kt-adv-heading_f1c7e3-57 img.kb-inline-image, .wp-block-kadence-advancedheading.kt-adv-heading_f1c7e3-57[data-kb-block=\"kb-adv-heading_f1c7e3-57\"] img.kb-inline-image{width:150px;vertical-align:baseline;}<\/style>\n<p class=\"kt-adv-heading_f1c7e3-57 wp-block-kadence-advancedheading\" data-kb-block=\"kb-adv-heading_f1c7e3-57\">Aussi, le combo reste une des meilleures solutions dans la mesure o\u00f9 il vous offre l\u2019aspect naturel ainsi que l\u2019habillage des sourcils. La plupart du temps, les clientes se d\u00e9cident sur un Microblading \u00e0 la t\u00eate du sourcil. En ce qui concerne la queue du sourcil, le Microshading est plus pertinent. Souvent, le combo est d\u00e9cid\u00e9 lors d\u2019une retouche par souci de tenue du pigment.<\/p>\n<\/div><\/div>\n\n<\/div><\/div>","protected":false},"excerpt":{"rendered":"<p>Aussi, le combo reste une des meilleures solutions dans la mesure o\u00f9 il vous offre l\u2019aspect naturel ainsi que l\u2019habillage des sourcils. La plupart du temps, les clientes se d\u00e9cident sur un Microblading \u00e0 la t\u00eate du sourcil. En ce qui concerne la queue du sourcil, le Microshading est plus pertinent. Souvent, le combo est&#8230;<\/p>","protected":false},"author":1,"featured_media":20767,"parent":0,"menu_order":0,"comment_status":"closed","ping_status":"closed","template":"","meta":{"_seopress_robots_primary_cat":"","_seopress_titles_title":"","_seopress_titles_desc":"","_seopress_robots_index":"","_coblocks_attr":"","_coblocks_dimensions":"","_coblocks_responsive_height":"","_coblocks_accordion_ie_support":"","_eb_attr":"","_kad_post_transparent":"","_kad_post_title":"","_kad_post_layout":"","_kad_post_sidebar_id":"","_kad_post_content_style":"","_kad_post_vertical_padding":"","_kad_post_feature":"","_kad_post_feature_position":"","_kad_post_header":false,"_kad_post_footer":false,"_kad_post_classname":"","_jet_sm_ready_style":"","_jet_sm_style":"","_jet_sm_controls_values":"","_jet_sm_fonts_collection":"","_jet_sm_fonts_links":"","footnotes":""},"formation":[],"class_list":["post-20760","page","type-page","status-publish","has-post-thumbnail","hentry"],"_links":{"self":[{"href":"https:\/\/linemakeup.com\/en\/wp-json\/wp\/v2\/pages\/20760","targetHints":{"allow":["GET"]}}],"collection":[{"href":"https:\/\/linemakeup.com\/en\/wp-json\/wp\/v2\/pages"}],"about":[{"href":"https:\/\/linemakeup.com\/en\/wp-json\/wp\/v2\/types\/page"}],"author":[{"embeddable":true,"href":"https:\/\/linemakeup.com\/en\/wp-json\/wp\/v2\/users\/1"}],"replies":[{"embeddable":true,"href":"https:\/\/linemakeup.com\/en\/wp-json\/wp\/v2\/comments?post=20760"}],"version-history":[{"count":3,"href":"https:\/\/linemakeup.com\/en\/wp-json\/wp\/v2\/pages\/20760\/revisions"}],"predecessor-version":[{"id":20773,"href":"https:\/\/linemakeup.com\/en\/wp-json\/wp\/v2\/pages\/20760\/revisions\/20773"}],"wp:featuredmedia":[{"embeddable":true,"href":"https:\/\/linemakeup.com\/en\/wp-json\/wp\/v2\/media\/20767"}],"wp:attachment":[{"href":"https:\/\/linemakeup.com\/en\/wp-json\/wp\/v2\/media?parent=20760"}],"wp:term":[{"taxonomy":"formation","embeddable":true,"href":"https:\/\/linemakeup.com\/en\/wp-json\/wp\/v2\/formation?post=20760"}],"curies":[{"name":"wp","href":"https:\/\/api.w.org\/{rel}","templated":true}]}}