{"id":86,"date":"2023-03-30T13:46:42","date_gmt":"2023-03-30T11:46:42","guid":{"rendered":"https:\/\/linemakeup.com\/merci\/"},"modified":"2023-04-27T14:31:08","modified_gmt":"2023-04-27T12:31:08","slug":"merci","status":"publish","type":"page","link":"https:\/\/linemakeup.com\/en\/merci\/","title":{"rendered":"Merci"},"content":{"rendered":"<style>.kb-row-layout-id_062911-48 > .kt-row-column-wrap{align-content:start;}:where(.kb-row-layout-id_062911-48 > .kt-row-column-wrap) > .wp-block-kadence-column{justify-content:start;}.kb-row-layout-id_062911-48 > .kt-row-column-wrap{column-gap:var(--global-kb-gap-md, 2rem);row-gap:var(--global-kb-gap-md, 2rem);padding-top:var(--global-kb-spacing-sm, 1.5rem);padding-bottom:var(--global-kb-spacing-sm, 1.5rem);grid-template-columns:minmax(0, 1fr);}.kb-row-layout-id_062911-48{background-image:radial-gradient(circle at center center,rgb(255,236,205) 0%,rgb(241,154,188) 100%);}.kb-row-layout-id_062911-48 > .kt-row-layout-overlay{opacity:0.30;}@media all and (max-width: 1024px){.kb-row-layout-id_062911-48 > .kt-row-column-wrap{grid-template-columns:minmax(0, 1fr);}}@media all and (max-width: 767px){.kb-row-layout-id_062911-48 > .kt-row-column-wrap{grid-template-columns:minmax(0, 1fr);}}<\/style><div class=\"kb-row-layout-wrap kb-row-layout-id_062911-48 alignfull kt-row-has-bg wp-block-kadence-rowlayout\"><div class=\"kt-row-column-wrap kt-has-1-columns kt-row-layout-equal kt-tab-layout-inherit kt-mobile-layout-row kt-row-valign-top\">\n<style>.kadence-column_0319db-45 > .kt-inside-inner-col{padding-top:var(--global-kb-spacing-lg, 3rem);}.kadence-column_0319db-45 > .kt-inside-inner-col,.kadence-column_0319db-45 > .kt-inside-inner-col:before{border-top-left-radius:0px;border-top-right-radius:0px;border-bottom-right-radius:0px;border-bottom-left-radius:0px;}.kadence-column_0319db-45 > .kt-inside-inner-col{column-gap:var(--global-kb-gap-sm, 1rem);}.kadence-column_0319db-45 > .kt-inside-inner-col{flex-direction:column;}.kadence-column_0319db-45 > .kt-inside-inner-col > .aligncenter{width:100%;}.kadence-column_0319db-45 > .kt-inside-inner-col:before{opacity:0.3;}.kadence-column_0319db-45{position:relative;}@media all and (max-width: 1024px){.kadence-column_0319db-45 > .kt-inside-inner-col{flex-direction:column;justify-content:center;}}@media all and (max-width: 767px){.kadence-column_0319db-45 > .kt-inside-inner-col{flex-direction:column;justify-content:center;}}<\/style>\n<div class=\"wp-block-kadence-column kadence-column_0319db-45\"><div class=\"kt-inside-inner-col\"><style>.wp-block-kadence-advancedheading.kt-adv-heading_bb628d-3d, .wp-block-kadence-advancedheading.kt-adv-heading_bb628d-3d[data-kb-block=\"kb-adv-heading_bb628d-3d\"]{text-align:center;font-size:34px;font-weight:700;font-style:normal;font-family:'Titillium Web';}.wp-block-kadence-advancedheading.kt-adv-heading_bb628d-3d mark.kt-highlight, .wp-block-kadence-advancedheading.kt-adv-heading_bb628d-3d[data-kb-block=\"kb-adv-heading_bb628d-3d\"] mark.kt-highlight{font-style:normal;color:#f76a0c;-webkit-box-decoration-break:clone;box-decoration-break:clone;padding-top:0px;padding-right:0px;padding-bottom:0px;padding-left:0px;}.wp-block-kadence-advancedheading.kt-adv-heading_bb628d-3d img.kb-inline-image, .wp-block-kadence-advancedheading.kt-adv-heading_bb628d-3d[data-kb-block=\"kb-adv-heading_bb628d-3d\"] img.kb-inline-image{width:150px;vertical-align:baseline;}@media all and (max-width: 767px){.wp-block-kadence-advancedheading.kt-adv-heading_bb628d-3d, .wp-block-kadence-advancedheading.kt-adv-heading_bb628d-3d[data-kb-block=\"kb-adv-heading_bb628d-3d\"]{font-size:var(--global-kb-font-size-lg, 2rem);}}<\/style>\n<h2 class=\"kt-adv-heading_bb628d-3d wp-block-kadence-advancedheading\" data-kb-block=\"kb-adv-heading_bb628d-3d\">Le paiement est termin\u00e9<\/h2>\n\n\n<style>.wp-block-kadence-advancedheading.kt-adv-heading_b45183-1d, .wp-block-kadence-advancedheading.kt-adv-heading_b45183-1d[data-kb-block=\"kb-adv-heading_b45183-1d\"]{margin-bottom:-100px;text-align:center;font-size:16px;font-weight:400;font-style:normal;font-family:'Titillium Web';}.wp-block-kadence-advancedheading.kt-adv-heading_b45183-1d mark.kt-highlight, .wp-block-kadence-advancedheading.kt-adv-heading_b45183-1d[data-kb-block=\"kb-adv-heading_b45183-1d\"] mark.kt-highlight{font-style:normal;color:#f76a0c;-webkit-box-decoration-break:clone;box-decoration-break:clone;padding-top:0px;padding-right:0px;padding-bottom:0px;padding-left:0px;}.wp-block-kadence-advancedheading.kt-adv-heading_b45183-1d img.kb-inline-image, .wp-block-kadence-advancedheading.kt-adv-heading_b45183-1d[data-kb-block=\"kb-adv-heading_b45183-1d\"] img.kb-inline-image{width:150px;vertical-align:baseline;}@media all and (max-width: 767px){.wp-block-kadence-advancedheading.kt-adv-heading_b45183-1d, .wp-block-kadence-advancedheading.kt-adv-heading_b45183-1d[data-kb-block=\"kb-adv-heading_b45183-1d\"]{margin-bottom:0px;font-size:var(--global-kb-font-size-md, 1.25rem);}}<\/style>\n<h2 class=\"kt-adv-heading_b45183-1d wp-block-kadence-advancedheading\" data-kb-block=\"kb-adv-heading_b45183-1d\">F\u00e9licitations, votre paiement est termin\u00e9\u00a0!<\/h2>\n\n\n<style>.kb-lottie-container_1da94d-8e{margin-right:var(--global-kb-spacing-5xl, 10rem);margin-left:var(--global-kb-spacing-5xl, 10rem);padding-right:var(--global-kb-spacing-5xl, 10rem);padding-left:var(--global-kb-spacing-5xl, 10rem);}.kb-lottie-container_1da94d-8e dotlottie-player{max-width:auto;}@media all and (max-width: 767px){.kb-lottie-container_1da94d-8e{margin-right:0px;margin-left:0px;padding-right:0px;padding-left:0px;}}<\/style><div class=\"kb-lottie-container kb-lottie-container_1da94d-8e\"><dotlottie-player loop=\"true\" speed=\"1\" autoplay=\"true\" mode=\"normal\" src=\"https:\/\/assets4.lottiefiles.com\/packages\/lf20_iux6ajkg.json\"\n\t\t\t\t\t\t\tid=\"kb-lottie-player_1da94d-8e\"\n\t\t\t\t\t\t><\/dotlottie-player><\/div><\/div><\/div>\n\n<\/div><\/div>","protected":false},"excerpt":{"rendered":"<p>Le paiement est termin\u00e9 F\u00e9licitations, votre paiement est termin\u00e9\u00a0!<\/p>","protected":false},"author":1,"featured_media":0,"parent":0,"menu_order":0,"comment_status":"closed","ping_status":"closed","template":"","meta":{"_seopress_robots_primary_cat":"","_seopress_titles_title":"","_seopress_titles_desc":"","_seopress_robots_index":"","_coblocks_attr":"","_coblocks_dimensions":"","_coblocks_responsive_height":"","_coblocks_accordion_ie_support":"","_eb_attr":"","_kad_post_transparent":"","_kad_post_title":"","_kad_post_layout":"","_kad_post_sidebar_id":"","_kad_post_content_style":"","_kad_post_vertical_padding":"","_kad_post_feature":"","_kad_post_feature_position":"","_kad_post_header":false,"_kad_post_footer":false,"_kad_post_classname":"","_jet_sm_ready_style":"","_jet_sm_style":"","_jet_sm_controls_values":"","_jet_sm_fonts_collection":"","_jet_sm_fonts_links":"","footnotes":""},"formation":[],"class_list":["post-86","page","type-page","status-publish","hentry"],"_links":{"self":[{"href":"https:\/\/linemakeup.com\/en\/wp-json\/wp\/v2\/pages\/86","targetHints":{"allow":["GET"]}}],"collection":[{"href":"https:\/\/linemakeup.com\/en\/wp-json\/wp\/v2\/pages"}],"about":[{"href":"https:\/\/linemakeup.com\/en\/wp-json\/wp\/v2\/types\/page"}],"author":[{"embeddable":true,"href":"https:\/\/linemakeup.com\/en\/wp-json\/wp\/v2\/users\/1"}],"replies":[{"embeddable":true,"href":"https:\/\/linemakeup.com\/en\/wp-json\/wp\/v2\/comments?post=86"}],"version-history":[{"count":13,"href":"https:\/\/linemakeup.com\/en\/wp-json\/wp\/v2\/pages\/86\/revisions"}],"predecessor-version":[{"id":17456,"href":"https:\/\/linemakeup.com\/en\/wp-json\/wp\/v2\/pages\/86\/revisions\/17456"}],"wp:attachment":[{"href":"https:\/\/linemakeup.com\/en\/wp-json\/wp\/v2\/media?parent=86"}],"wp:term":[{"taxonomy":"formation","embeddable":true,"href":"https:\/\/linemakeup.com\/en\/wp-json\/wp\/v2\/formation?post=86"}],"curies":[{"name":"wp","href":"https:\/\/api.w.org\/{rel}","templated":true}]}}