{"id":1390,"date":"2023-04-10T15:27:59","date_gmt":"2023-04-10T13:27:59","guid":{"rendered":"https:\/\/linemakeup.com\/produit\/microshading\/"},"modified":"2026-01-16T21:05:43","modified_gmt":"2026-01-16T20:05:43","slug":"microshading","status":"publish","type":"product","link":"https:\/\/linemakeup.com\/en\/product\/microshading\/","title":{"rendered":"Formation Microshading"},"content":{"rendered":"<p><span style=\"font-weight: 400;\">Apprenez le Microshading, la technique des sourcils effet poudr\u00e9 <\/span><span style=\"font-weight: 400;\">en d\u00e9grad\u00e9<\/span><span style=\"font-weight: 400;\">,<\/span><span style=\"font-weight: 400;\"> l\u2019utilisation du dermographe, le trac\u00e9 des sourcils et la micropigmentation. \u00a0 <\/span><span style=\"font-weight: 400;\"><br \/>\n<\/span><span style=\"font-weight: 400;\">R\u00e9alisez la pratique sur 2 mod\u00e8les avec le suivi des formatrices 5 jrs\/7.<\/span><\/p>\n<p style=\"text-align: center;\"><span style=\"font-weight: 400;\"><div id=\"kgvid_kgvid_0_wrapper\" class=\"kgvid_wrapper\">\n\t\t\t<div id=\"video_kgvid_0_div\" class=\"fitvidsignore kgvid_videodiv\" data-id=\"kgvid_0\" data-kgvid_video_vars=\"{&quot;id&quot;:&quot;kgvid_0&quot;,&quot;attachment_id&quot;:&quot;18526&quot;,&quot;player_type&quot;:&quot;Video.js v8&quot;,&quot;width&quot;:&quot;640&quot;,&quot;height&quot;:&quot;360&quot;,&quot;fullwidth&quot;:&quot;false&quot;,&quot;fixed_aspect&quot;:&quot;vertical&quot;,&quot;countable&quot;:true,&quot;count_views&quot;:&quot;start_complete&quot;,&quot;start&quot;:&quot;&quot;,&quot;autoplay&quot;:&quot;false&quot;,&quot;pauseothervideos&quot;:&quot;true&quot;,&quot;set_volume&quot;:&quot;1&quot;,&quot;muted&quot;:&quot;false&quot;,&quot;meta&quot;:false,&quot;endofvideooverlay&quot;:&quot;&quot;,&quot;resize&quot;:&quot;true&quot;,&quot;auto_res&quot;:&quot;automatic&quot;,&quot;pixel_ratio&quot;:&quot;true&quot;,&quot;right_click&quot;:&quot;on&quot;,&quot;playback_rate&quot;:&quot;false&quot;,&quot;title&quot;:&quot;Linemakeup-video-de-presentation-formation-microshading-en-ligne&quot;,&quot;skip_buttons&quot;:[],&quot;nativecontrolsfortouch&quot;:&quot;false&quot;,&quot;locale&quot;:&quot;en&quot;,&quot;enable_resolutions_plugin&quot;:false}\" itemprop=\"video\" itemscope itemtype=\"https:\/\/schema.org\/VideoObject\"><meta itemprop=\"thumbnailUrl\" content=\"https:\/\/linemakeup.com\/wp-content\/uploads\/2024\/02\/Teaser-Formation-MICROSHADING.jpg\"><meta itemprop=\"embedUrl\" content=\"https:\/\/linemakeup.com\/?attachment_id=18526&#038;videopack%5Benable%5D=true\"><meta itemprop=\"contentUrl\" content=\"https:\/\/linemakeup.com\/wp-content\/uploads\/2023\/04\/Linemakeup-video-de-presentation-formation-microshading-en-ligne.mp4\"><meta itemprop=\"name\" content=\"Linemakeup-video-de-presentation-formation-microshading-en-ligne\"><meta itemprop=\"description\" content=\"Video\"><meta itemprop=\"uploadDate\" content=\"2023-04-29T17:22:51+02:00\">\n\t\t\t\t<video id=\"video_kgvid_0\" playsinline controls preload=\"metadata\" poster=\"https:\/\/linemakeup.com\/wp-content\/uploads\/2024\/02\/Teaser-Formation-MICROSHADING.jpg\" width=\"640\" height=\"360\" class=\"fitvidsignore video-js kg-video-js-skin\">\n\t\t\t\t\t<source src=\"https:\/\/linemakeup.com\/wp-content\/uploads\/2023\/04\/Linemakeup-video-de-presentation-formation-microshading-en-ligne.mp4?id=0\" type=\"video\/mp4\" data-res=\"720p\">\n\t\t\t\t<\/video>\n\t\t\t<\/div>\n\t\t<\/div><\/span><\/p>\n<p style=\"text-align: left;\"><span style=\"font-weight: 400;\">Formation Certifiante : Oui<br \/>\nDuration: 5hrs<br \/>\nNombre de le\u00e7ons : 7 <\/span><\/p>\n<p><span style=\"font-weight: 400;\">Ce cours contient les le\u00e7ons :<br \/>\n<\/span><span style=\"font-weight: 400;\"><br \/>\n<\/span><span style=\"font-weight: 400;\">1. Le dermographe<\/span><span style=\"font-weight: 400;\"><br \/>\n<\/span><span style=\"font-weight: 400;\">2. Le pied \u00e0 coulisse<br \/>\n<\/span><span style=\"font-family: var(--global-body-font-family);\">3. Le compas<br \/>\n<\/span><span style=\"font-family: var(--global-body-font-family);\">4. Le crayon \u00e0 sourcils<br \/>\n<\/span><span style=\"font-family: var(--global-body-font-family);\">5. Le trac\u00e9 des sourcils<br \/>\n<\/span><span style=\"font-family: var(--global-body-font-family);\">6. Le Microshading sur mod\u00e8le<br \/>\n<\/span><span style=\"font-family: var(--global-body-font-family);\">7. La Pratique<\/span><\/p>\n<p>Obtention du Certificat en ligne.<\/p>\n<p>La Formation Microshading KIT inclus contient la Formation + le Kit :<\/p>\n<p>Lot 4 Pigments EMIRE Blond, Chocolat, Black Brown, Black x1<br \/>\nPMU Machine DERMA x1<br \/>\nAiguilles 1 Micro DERMA x10<br \/>\nAiguilles 5 Shader DERMA x10<br \/>\nPieds \u00e0 coulisse x1<br \/>\nCompas \u00e0 sourcils x1<br \/>\nEyebrow pen x1<br \/>\nMicrobrushes x20<br \/>\nBagues \u00e0 cupule x20<br \/>\nSynthetic skin x2<\/p>","protected":false},"excerpt":{"rendered":"<p>Apprenez le Microshading, la technique des sourcils effet poudr\u00e9 en d\u00e9grad\u00e9, l\u2019utilisation du dermographe, le trac\u00e9 des sourcils et la micropigmentation. \u00a0 R\u00e9alisez la pratique sur 2 mod\u00e8les avec le suivi des formatrices 5 jrs\/7. Formation Certifiante : Oui Dur\u00e9e : 5h00 Nombre de le\u00e7ons : 7 Ce cours contient les le\u00e7ons : 1. Le&#8230;<\/p>","protected":false},"featured_media":1391,"template":"","meta":{"_seopress_robots_primary_cat":"none","_seopress_titles_title":"","_seopress_titles_desc":"","_seopress_robots_index":"","_coblocks_attr":"","_coblocks_dimensions":"","_coblocks_responsive_height":"","_coblocks_accordion_ie_support":"","_eb_attr":"","_kad_post_transparent":"default","_kad_post_title":"","_kad_post_layout":"default","_kad_post_sidebar_id":"","_kad_post_content_style":"default","_kad_post_vertical_padding":"default","_kad_post_feature":"","_kad_post_feature_position":"","_kad_post_header":false,"_kad_post_footer":false,"_kad_post_classname":"","_jet_sm_ready_style":"","_jet_sm_style":"","_jet_sm_controls_values":"","_jet_sm_fonts_collection":"","_jet_sm_fonts_links":""},"product_brand":[],"product_cat":[22],"product_tag":[],"class_list":{"0":"post-1390","1":"product","2":"type-product","3":"status-publish","4":"has-post-thumbnail","6":"product_cat-maquillage-permanent","8":"first","9":"instock","10":"shipping-taxable","11":"purchasable","12":"product-type-variable","13":"entry","14":"content-bg","15":"loop-entry"},"_links":{"self":[{"href":"https:\/\/linemakeup.com\/en\/wp-json\/wp\/v2\/product\/1390","targetHints":{"allow":["GET"]}}],"collection":[{"href":"https:\/\/linemakeup.com\/en\/wp-json\/wp\/v2\/product"}],"about":[{"href":"https:\/\/linemakeup.com\/en\/wp-json\/wp\/v2\/types\/product"}],"wp:featuredmedia":[{"embeddable":true,"href":"https:\/\/linemakeup.com\/en\/wp-json\/wp\/v2\/media\/1391"}],"wp:attachment":[{"href":"https:\/\/linemakeup.com\/en\/wp-json\/wp\/v2\/media?parent=1390"}],"wp:term":[{"taxonomy":"product_brand","embeddable":true,"href":"https:\/\/linemakeup.com\/en\/wp-json\/wp\/v2\/product_brand?post=1390"},{"taxonomy":"product_cat","embeddable":true,"href":"https:\/\/linemakeup.com\/en\/wp-json\/wp\/v2\/product_cat?post=1390"},{"taxonomy":"product_tag","embeddable":true,"href":"https:\/\/linemakeup.com\/en\/wp-json\/wp\/v2\/product_tag?post=1390"}],"curies":[{"name":"wp","href":"https:\/\/api.w.org\/{rel}","templated":true}]}}