{"id":1416,"date":"2023-04-10T15:28:10","date_gmt":"2023-04-10T13:28:10","guid":{"rendered":"https:\/\/linemakeup.com\/produit\/gel-chablon\/"},"modified":"2024-06-15T17:55:17","modified_gmt":"2024-06-15T15:55:17","slug":"gel-chablon","status":"publish","type":"product","link":"https:\/\/linemakeup.com\/en\/product\/gel-chablon\/","title":{"rendered":"Formation Gel Chablon"},"content":{"rendered":"<p style=\"text-align: left;\"><span style=\"font-family: var(--global-body-font-family);\">Vous allez apprendre dans la Formation Gel Chablon la technique des ongles en gel au chablon qui permet d\u2019obtenir un rendu d\u2019ongles rallong\u00e9s, fins et solides.<br \/>\n<\/span><span style=\"font-family: var(--global-body-font-family);\">R\u00e9alisez la pratique sur 2 mod\u00e8les avec le suivi des formatrices 5 jrs\/7.<\/span><\/p>\n<div class=\"\" data-block=\"true\" data-editor=\"5ipdn\" data-offset-key=\"dpp3-0-0\">\n<div class=\"_1mf _1mj\" style=\"text-align: center;\" data-offset-key=\"dpp3-0-0\">\n<p style=\"text-align: center;\"><div id=\"kgvid_kgvid_0_wrapper\" class=\"kgvid_wrapper\">\n\t\t\t<div id=\"video_kgvid_0_div\" class=\"fitvidsignore kgvid_videodiv\" data-id=\"kgvid_0\" data-kgvid_video_vars=\"{&quot;id&quot;:&quot;kgvid_0&quot;,&quot;attachment_id&quot;:&quot;18527&quot;,&quot;player_type&quot;:&quot;Video.js v8&quot;,&quot;width&quot;:&quot;640&quot;,&quot;height&quot;:&quot;360&quot;,&quot;fullwidth&quot;:&quot;false&quot;,&quot;fixed_aspect&quot;:&quot;vertical&quot;,&quot;countable&quot;:true,&quot;count_views&quot;:&quot;start_complete&quot;,&quot;start&quot;:&quot;&quot;,&quot;autoplay&quot;:&quot;false&quot;,&quot;pauseothervideos&quot;:&quot;true&quot;,&quot;set_volume&quot;:&quot;1&quot;,&quot;muted&quot;:&quot;false&quot;,&quot;meta&quot;:false,&quot;endofvideooverlay&quot;:&quot;&quot;,&quot;resize&quot;:&quot;true&quot;,&quot;auto_res&quot;:&quot;automatic&quot;,&quot;pixel_ratio&quot;:&quot;true&quot;,&quot;right_click&quot;:&quot;on&quot;,&quot;playback_rate&quot;:&quot;false&quot;,&quot;title&quot;:&quot;Linemakeup-video-de-presentation-formation-gel-chablon-en-ligne&quot;,&quot;skip_buttons&quot;:[],&quot;nativecontrolsfortouch&quot;:&quot;false&quot;,&quot;locale&quot;:&quot;en&quot;,&quot;enable_resolutions_plugin&quot;:false}\" itemprop=\"video\" itemscope itemtype=\"https:\/\/schema.org\/VideoObject\"><meta itemprop=\"thumbnailUrl\" content=\"https:\/\/linemakeup.com\/wp-content\/uploads\/2024\/02\/Teaser-Formation-prothesiste-ongulaire-gel-chablond.jpg\"><meta itemprop=\"embedUrl\" content=\"https:\/\/linemakeup.com\/?attachment_id=18527&#038;videopack%5Benable%5D=true\"><meta itemprop=\"contentUrl\" content=\"https:\/\/linemakeup.com\/wp-content\/uploads\/2023\/04\/Linemakeup-video-de-presentation-formation-gel-chablon-en-ligne.mp4\"><meta itemprop=\"name\" content=\"Linemakeup-video-de-presentation-formation-gel-chablon-en-ligne\"><meta itemprop=\"description\" content=\"Video\"><meta itemprop=\"uploadDate\" content=\"2023-04-29T17:22:53+02:00\">\n\t\t\t\t<video id=\"video_kgvid_0\" playsinline controls preload=\"metadata\" poster=\"https:\/\/linemakeup.com\/wp-content\/uploads\/2024\/02\/Teaser-Formation-prothesiste-ongulaire-gel-chablond.jpg\" width=\"640\" height=\"360\" class=\"fitvidsignore video-js kg-video-js-skin\">\n\t\t\t\t\t<source src=\"https:\/\/linemakeup.com\/wp-content\/uploads\/2023\/04\/Linemakeup-video-de-presentation-formation-gel-chablon-en-ligne.mp4?id=0\" type=\"video\/mp4\" data-res=\"720p\">\n\t\t\t\t<\/video>\n\t\t\t<\/div>\n\t\t<\/div><\/p>\n<p style=\"text-align: left;\">Formation Certifiante : Oui<br \/>\nDuration: 7 hrs<br \/>\nNombre de le\u00e7ons : 4<\/p>\n<p style=\"text-align: left;\">Ce cours contient les le\u00e7ons :<\/p>\n<p style=\"text-align: left;\">1. La pose de chablon au gel<br \/>\n2. La d\u00e9pose du gel<br \/>\n3. Le remplissage<br \/>\n4. La Pratique<\/p>\n<p style=\"text-align: left;\">Obtention du Certificat en ligne.<\/p>\n<p style=\"text-align: left;\">La Formation Gel Chablon KIT inclus contient la Formation + le Kit :<\/p>\n<p style=\"text-align: left;\">Lampe UV\/LED x1<br \/>\nGels de construction x2<br \/>\nGels couleur x2<br \/>\nPrimer x1<br \/>\nTop coat x1<br \/>\nHuile de cuticules x1<br \/>\nCleaner x2<br \/>\nLimes x2<br \/>\nBloc polissoir x1<br \/>\nBloc Cotons Pads x1<br \/>\nRouleau Chablon x1<br \/>\nPinceau Gel x1<br \/>\nPinceau Liner x1<br \/>\nBrosse D\u00e9poussi\u00e9rante x1<br \/>\nB\u00e2tonnets de bois x10<br \/>\nCoupe cuticules plastique x1<\/p>\n<\/div>\n<\/div>","protected":false},"excerpt":{"rendered":"<p>Vous allez apprendre dans la Formation Gel Chablon la technique des ongles en gel au chablon qui permet d\u2019obtenir un rendu d\u2019ongles rallong\u00e9s, fins et solides. R\u00e9alisez la pratique sur 2 mod\u00e8les avec le suivi des formatrices 5 jrs\/7. Formation Certifiante : Oui Dur\u00e9e : 7h00 Nombre de le\u00e7ons : 4 Ce cours contient les&#8230;<\/p>","protected":false},"featured_media":1358,"template":"","meta":{"_seopress_robots_primary_cat":"","_seopress_titles_title":"","_seopress_titles_desc":"","_seopress_robots_index":"","_coblocks_attr":"","_coblocks_dimensions":"","_coblocks_responsive_height":"","_coblocks_accordion_ie_support":"","_eb_attr":"","_kad_post_transparent":"default","_kad_post_title":"","_kad_post_layout":"default","_kad_post_sidebar_id":"","_kad_post_content_style":"default","_kad_post_vertical_padding":"default","_kad_post_feature":"","_kad_post_feature_position":"","_kad_post_header":false,"_kad_post_footer":false,"_kad_post_classname":"","_jet_sm_ready_style":"","_jet_sm_style":"","_jet_sm_controls_values":"","_jet_sm_fonts_collection":"","_jet_sm_fonts_links":""},"product_brand":[],"product_cat":[25],"product_tag":[],"class_list":{"0":"post-1416","1":"product","2":"type-product","3":"status-publish","4":"has-post-thumbnail","6":"product_cat-onglerie","8":"first","9":"instock","10":"shipping-taxable","11":"purchasable","12":"product-type-variable","13":"entry","14":"content-bg","15":"loop-entry"},"_links":{"self":[{"href":"https:\/\/linemakeup.com\/en\/wp-json\/wp\/v2\/product\/1416","targetHints":{"allow":["GET"]}}],"collection":[{"href":"https:\/\/linemakeup.com\/en\/wp-json\/wp\/v2\/product"}],"about":[{"href":"https:\/\/linemakeup.com\/en\/wp-json\/wp\/v2\/types\/product"}],"wp:featuredmedia":[{"embeddable":true,"href":"https:\/\/linemakeup.com\/en\/wp-json\/wp\/v2\/media\/1358"}],"wp:attachment":[{"href":"https:\/\/linemakeup.com\/en\/wp-json\/wp\/v2\/media?parent=1416"}],"wp:term":[{"taxonomy":"product_brand","embeddable":true,"href":"https:\/\/linemakeup.com\/en\/wp-json\/wp\/v2\/product_brand?post=1416"},{"taxonomy":"product_cat","embeddable":true,"href":"https:\/\/linemakeup.com\/en\/wp-json\/wp\/v2\/product_cat?post=1416"},{"taxonomy":"product_tag","embeddable":true,"href":"https:\/\/linemakeup.com\/en\/wp-json\/wp\/v2\/product_tag?post=1416"}],"curies":[{"name":"wp","href":"https:\/\/api.w.org\/{rel}","templated":true}]}}