{"id":1418,"date":"2023-04-10T15:28:10","date_gmt":"2023-04-10T13:28:10","guid":{"rendered":"https:\/\/linemakeup.com\/produit\/cil-a-cil\/"},"modified":"2024-07-18T21:41:40","modified_gmt":"2024-07-18T19:41:40","slug":"cil-a-cil","status":"publish","type":"product","link":"https:\/\/linemakeup.com\/en\/product\/cil-a-cil\/","title":{"rendered":"Formation Cil \u00e0 Cil"},"content":{"rendered":"<p style=\"text-align: left;\"><span style=\"font-weight: 400;\">Apprenez avec la Formation Cil \u00e0 cil la pose d&#8217;extensions de cils, les diff\u00e9rentes longueurs et courbures, la tenue des pinces \u00e0 cils et l&#8217;utilisation de la colle.\u00a0<\/span><span style=\"font-weight: 400;\"><br \/>\n<\/span><span style=\"font-weight: 400;\">R\u00e9alisez la pratique sur 2 mod\u00e8les avec le suivi des formatrices 5 jrs\/7.<\/span><\/p>\n<p style=\"text-align: center;\"><div id=\"kgvid_kgvid_0_wrapper\" class=\"kgvid_wrapper\">\n\t\t\t<div id=\"video_kgvid_0_div\" class=\"fitvidsignore kgvid_videodiv\" data-id=\"kgvid_0\" data-kgvid_video_vars=\"{&quot;id&quot;:&quot;kgvid_0&quot;,&quot;attachment_id&quot;:&quot;18522&quot;,&quot;player_type&quot;:&quot;Video.js v8&quot;,&quot;width&quot;:&quot;640&quot;,&quot;height&quot;:&quot;360&quot;,&quot;fullwidth&quot;:&quot;false&quot;,&quot;fixed_aspect&quot;:&quot;vertical&quot;,&quot;countable&quot;:true,&quot;count_views&quot;:&quot;start_complete&quot;,&quot;start&quot;:&quot;&quot;,&quot;autoplay&quot;:&quot;false&quot;,&quot;pauseothervideos&quot;:&quot;true&quot;,&quot;set_volume&quot;:&quot;1&quot;,&quot;muted&quot;:&quot;false&quot;,&quot;meta&quot;:false,&quot;endofvideooverlay&quot;:&quot;&quot;,&quot;resize&quot;:&quot;true&quot;,&quot;auto_res&quot;:&quot;automatic&quot;,&quot;pixel_ratio&quot;:&quot;true&quot;,&quot;right_click&quot;:&quot;on&quot;,&quot;playback_rate&quot;:&quot;false&quot;,&quot;title&quot;:&quot;Vid\\u00e9o-de-presentation-formation-cil-\\u00e0-cil-en-ligne&quot;,&quot;skip_buttons&quot;:[],&quot;nativecontrolsfortouch&quot;:&quot;false&quot;,&quot;locale&quot;:&quot;en&quot;,&quot;enable_resolutions_plugin&quot;:false}\" itemprop=\"video\" itemscope itemtype=\"https:\/\/schema.org\/VideoObject\"><meta itemprop=\"thumbnailUrl\" content=\"https:\/\/linemakeup.com\/wp-content\/uploads\/2024\/02\/Formation-Extension-de-cil-cil-a-cil.jpg\"><meta itemprop=\"embedUrl\" content=\"https:\/\/linemakeup.com\/?attachment_id=18522&#038;videopack%5Benable%5D=true\"><meta itemprop=\"contentUrl\" content=\"https:\/\/linemakeup.com\/wp-content\/uploads\/2023\/04\/Video-de-presentation-formation-cil-a-cil-en-ligne.mp4\"><meta itemprop=\"name\" content=\"Vid\u00e9o-de-presentation-formation-cil-\u00e0-cil-en-ligne\"><meta itemprop=\"description\" content=\"Video\"><meta itemprop=\"uploadDate\" content=\"2023-04-29T17:22:42+02:00\">\n\t\t\t\t<video id=\"video_kgvid_0\" playsinline controls preload=\"metadata\" poster=\"https:\/\/linemakeup.com\/wp-content\/uploads\/2024\/02\/Formation-Extension-de-cil-cil-a-cil.jpg\" width=\"640\" height=\"360\" class=\"fitvidsignore video-js kg-video-js-skin\">\n\t\t\t\t\t<source src=\"https:\/\/linemakeup.com\/wp-content\/uploads\/2023\/04\/Video-de-presentation-formation-cil-a-cil-en-ligne.mp4?id=0\" type=\"video\/mp4\" data-res=\"720p\">\n\t\t\t\t<\/video>\n\t\t\t<\/div>\n\t\t<\/div><\/p>\n<p style=\"text-align: left;\">Formation Certifiante : Oui<br \/>\nDuration: 3hrs<br \/>\nNombre de le\u00e7ons : 3<\/p>\n<p style=\"text-align: left;\">Ce cours contient les le\u00e7ons :<\/p>\n<p style=\"text-align: left;\">1. La pose d&#8217;extensions cil \u00e0 cil<br \/>\n2. La d\u00e9pose d&#8217;extensions cil \u00e0 cil<br \/>\n3. La Pratique<\/p>\n<p style=\"text-align: left;\">Obtention du Certificat en ligne.<\/p>\n<p>La Formation Cil \u00e0 cil KIT inclus contient la Formation + le Kit :<\/p>\n<p style=\"text-align: left;\">Pince courb\u00e9e x1<br \/>\nPince droite L x1<br \/>\nGlue x1<br \/>\n<span style=\"font-family: var(--global-body-font-family);\">Primer x 1<br \/>\n<\/span><span style=\"font-family: var(--global-body-font-family);\">Remover x1<br \/>\n<\/span><span style=\"font-family: var(--global-body-font-family);\">Microbrushes x100<br \/>\n<\/span><span style=\"font-family: var(--global-body-font-family);\">Patch x20<br \/>\n<\/span><span style=\"font-family: var(--global-body-font-family);\">Bagues \u00e0 colle x20<br \/>\n<\/span><span style=\"font-family: var(--global-body-font-family);\">Pad en silicone x1<br \/>\n<\/span><span style=\"font-family: var(--global-body-font-family);\">Tape x1<br \/>\n<\/span><span style=\"font-family: var(--global-body-font-family);\">Brosse cils x10<br \/>\n<\/span><span style=\"font-family: var(--global-body-font-family);\">Air blower x1<br \/>\n<\/span><span style=\"font-family: var(--global-body-font-family);\">Bo\u00eete extensions cil \u00e0 cil mix 8-15mm x1<br \/>\n<\/span><span style=\"font-family: var(--global-body-font-family);\">Bo\u00eete de cils d&#8217;entrainement x1<\/span><\/p>\n<p>&nbsp;<\/p>","protected":false},"excerpt":{"rendered":"<p>Apprenez avec la Formation Cil \u00e0 cil la pose d&#8217;extensions de cils, les diff\u00e9rentes longueurs et courbures, la tenue des pinces \u00e0 cils et l&#8217;utilisation de la colle.\u00a0 R\u00e9alisez la pratique sur 2 mod\u00e8les avec le suivi des formatrices 5 jrs\/7. Formation Certifiante : Oui Dur\u00e9e : 3h00 Nombre de le\u00e7ons : 3 Ce cours&#8230;<\/p>","protected":false},"featured_media":31995,"template":"","meta":{"_seopress_robots_primary_cat":"none","_seopress_titles_title":"","_seopress_titles_desc":"","_seopress_robots_index":"","_coblocks_attr":"","_coblocks_dimensions":"","_coblocks_responsive_height":"","_coblocks_accordion_ie_support":"","_eb_attr":"","_kad_post_transparent":"default","_kad_post_title":"","_kad_post_layout":"default","_kad_post_sidebar_id":"","_kad_post_content_style":"default","_kad_post_vertical_padding":"default","_kad_post_feature":"","_kad_post_feature_position":"","_kad_post_header":false,"_kad_post_footer":false,"_kad_post_classname":"","_jet_sm_ready_style":"","_jet_sm_style":"","_jet_sm_controls_values":"","_jet_sm_fonts_collection":"","_jet_sm_fonts_links":""},"product_brand":[],"product_cat":[26],"product_tag":[],"class_list":{"0":"post-1418","1":"product","2":"type-product","3":"status-publish","4":"has-post-thumbnail","6":"product_cat-extensions-de-cils","8":"first","9":"instock","10":"shipping-taxable","11":"purchasable","12":"product-type-variable","13":"entry","14":"content-bg","15":"loop-entry"},"_links":{"self":[{"href":"https:\/\/linemakeup.com\/en\/wp-json\/wp\/v2\/product\/1418","targetHints":{"allow":["GET"]}}],"collection":[{"href":"https:\/\/linemakeup.com\/en\/wp-json\/wp\/v2\/product"}],"about":[{"href":"https:\/\/linemakeup.com\/en\/wp-json\/wp\/v2\/types\/product"}],"wp:featuredmedia":[{"embeddable":true,"href":"https:\/\/linemakeup.com\/en\/wp-json\/wp\/v2\/media\/31995"}],"wp:attachment":[{"href":"https:\/\/linemakeup.com\/en\/wp-json\/wp\/v2\/media?parent=1418"}],"wp:term":[{"taxonomy":"product_brand","embeddable":true,"href":"https:\/\/linemakeup.com\/en\/wp-json\/wp\/v2\/product_brand?post=1418"},{"taxonomy":"product_cat","embeddable":true,"href":"https:\/\/linemakeup.com\/en\/wp-json\/wp\/v2\/product_cat?post=1418"},{"taxonomy":"product_tag","embeddable":true,"href":"https:\/\/linemakeup.com\/en\/wp-json\/wp\/v2\/product_tag?post=1418"}],"curies":[{"name":"wp","href":"https:\/\/api.w.org\/{rel}","templated":true}]}}