{"id":1420,"date":"2023-04-10T15:28:12","date_gmt":"2023-04-10T13:28:12","guid":{"rendered":"https:\/\/linemakeup.com\/produit\/volume-russe\/"},"modified":"2024-07-18T21:19:10","modified_gmt":"2024-07-18T19:19:10","slug":"volume-russe","status":"publish","type":"product","link":"https:\/\/linemakeup.com\/en\/product\/volume-russe\/","title":{"rendered":"Formation Volume Russe"},"content":{"rendered":"<p><span style=\"font-weight: 400;\">Apprenez avec la Formation Volume Russe la technique des extensions de cils avec des bouquets pr\u00e9-faits de diff\u00e9rentes longueurs et courbures aux rendus garnis.<br \/>\n<\/span><span style=\"font-weight: 400;\">R\u00e9alisez la pratique sur 2 mod\u00e8les avec le suivi des formatrices 5 jrs\/7.<\/span><\/p>\n<div class=\"\" style=\"text-align: center;\" data-block=\"true\" data-editor=\"5ipdn\" data-offset-key=\"5fal9-0-0\">\n<div class=\"_1mf _1mj\" data-offset-key=\"5fal9-0-0\">\n<div class=\"\" data-block=\"true\" data-editor=\"5ipdn\" data-offset-key=\"fhhvq-0-0\">\n<div class=\"_1mf _1mj\" style=\"text-align: center;\" data-offset-key=\"fhhvq-0-0\">\n<p style=\"text-align: center;\"><div id=\"kgvid_kgvid_0_wrapper\" class=\"kgvid_wrapper\">\n\t\t\t<div id=\"video_kgvid_0_div\" class=\"fitvidsignore kgvid_videodiv\" data-id=\"kgvid_0\" data-kgvid_video_vars=\"{&quot;id&quot;:&quot;kgvid_0&quot;,&quot;attachment_id&quot;:&quot;18521&quot;,&quot;player_type&quot;:&quot;Video.js v8&quot;,&quot;width&quot;:&quot;640&quot;,&quot;height&quot;:&quot;360&quot;,&quot;fullwidth&quot;:&quot;false&quot;,&quot;fixed_aspect&quot;:&quot;vertical&quot;,&quot;countable&quot;:true,&quot;count_views&quot;:&quot;start_complete&quot;,&quot;start&quot;:&quot;&quot;,&quot;autoplay&quot;:&quot;false&quot;,&quot;pauseothervideos&quot;:&quot;true&quot;,&quot;set_volume&quot;:&quot;1&quot;,&quot;muted&quot;:&quot;false&quot;,&quot;meta&quot;:false,&quot;endofvideooverlay&quot;:&quot;&quot;,&quot;resize&quot;:&quot;true&quot;,&quot;auto_res&quot;:&quot;automatic&quot;,&quot;pixel_ratio&quot;:&quot;true&quot;,&quot;right_click&quot;:&quot;on&quot;,&quot;playback_rate&quot;:&quot;false&quot;,&quot;title&quot;:&quot;Linemakeup-video-de-presentation-formation-volume-russe-en-ligne&quot;,&quot;skip_buttons&quot;:[],&quot;nativecontrolsfortouch&quot;:&quot;false&quot;,&quot;locale&quot;:&quot;en&quot;,&quot;enable_resolutions_plugin&quot;:false}\" itemprop=\"video\" itemscope itemtype=\"https:\/\/schema.org\/VideoObject\"><meta itemprop=\"thumbnailUrl\" content=\"https:\/\/linemakeup.com\/wp-content\/uploads\/2024\/02\/formation-volume-russe.jpg\"><meta itemprop=\"embedUrl\" content=\"https:\/\/linemakeup.com\/?attachment_id=18521&#038;videopack%5Benable%5D=true\"><meta itemprop=\"contentUrl\" content=\"https:\/\/linemakeup.com\/wp-content\/uploads\/2023\/04\/Linemakeup-video-de-presentation-formation-volume-russe-en-ligne.mp4\"><meta itemprop=\"name\" content=\"Linemakeup-video-de-presentation-formation-volume-russe-en-ligne\"><meta itemprop=\"description\" content=\"Video\"><meta itemprop=\"uploadDate\" content=\"2023-04-29T17:22:39+02:00\">\n\t\t\t\t<video id=\"video_kgvid_0\" playsinline controls preload=\"metadata\" poster=\"https:\/\/linemakeup.com\/wp-content\/uploads\/2024\/02\/formation-volume-russe.jpg\" width=\"640\" height=\"360\" class=\"fitvidsignore video-js kg-video-js-skin\">\n\t\t\t\t\t<source src=\"https:\/\/linemakeup.com\/wp-content\/uploads\/2023\/04\/Linemakeup-video-de-presentation-formation-volume-russe-en-ligne.mp4?id=0\" type=\"video\/mp4\" data-res=\"720p\">\n\t\t\t\t<\/video>\n\t\t\t<\/div>\n\t\t<\/div><\/p>\n<p style=\"text-align: left;\">Formation Certifiante : Oui<br \/>\nDuration: 6 hrs<br \/>\nNombre de le\u00e7ons : 3<\/p>\n<p style=\"text-align: left;\">Ce cours contient les le\u00e7ons :<\/p>\n<p style=\"text-align: left;\">1. La pose d&#8217;extensions Volume Russe<br \/>\n2. La d\u00e9pose d&#8217;extensions Volume Russe<br \/>\n3. La Pratique<\/p>\n<p style=\"text-align: left;\">Obtention du Certificat en ligne.<\/p>\n<p style=\"text-align: left;\">La Formation <span style=\"font-weight: 400;\">Russian Lash<\/span> KIT inclus contient la Formation + le Kit :<\/p>\n<p style=\"text-align: left;\">Glue x1<br \/>\nRemover x1<br \/>\nCurved tweezer x1<br \/>\nStraight Tweezer x1<br \/>\nAir blower x1<br \/>\nTape x1<br \/>\nLash Brushes x10<br \/>\nEyepatches x20<br \/>\nMicrobrushes x100<br \/>\n<span style=\"font-family: var(--global-body-font-family);\">Bagues \u00e0 colle x20<br \/>\n<\/span><span style=\"font-family: var(--global-body-font-family);\">Boite de cil d\u2019entra\u00eenement x1<br \/>\n<\/span><span style=\"font-family: var(--global-body-font-family);\">Bo\u00eete extensions Volume Russe 9 mm x1<br \/>\n<\/span><span style=\"font-family: var(--global-body-font-family);\">Bo\u00eete extensions Volume Russe 10 mm x1<br \/>\n<\/span><span style=\"font-family: var(--global-body-font-family);\">Bo\u00eete extensions Volume Russe 11 mm x1<br \/>\n<\/span><span style=\"font-family: var(--global-body-font-family);\">Bo\u00eete extensions Volume Russe 12 mm x1<br \/>\n<\/span><span style=\"font-family: var(--global-body-font-family);\">Bo\u00eete extensions Volume Russe 13 mm x1<br \/>\n<\/span><span style=\"font-family: var(--global-body-font-family);\">Bo\u00eete extensions Volume Russe 14 mm x1<\/span><\/p>\n<\/div>\n<\/div>\n<\/div>\n<\/div>","protected":false},"excerpt":{"rendered":"<p>Apprenez avec la Formation Volume Russe la technique des extensions de cils avec des bouquets pr\u00e9-faits de diff\u00e9rentes longueurs et courbures aux rendus garnis. R\u00e9alisez la pratique sur 2 mod\u00e8les avec le suivi des formatrices 5 jrs\/7. Formation Certifiante : Oui Dur\u00e9e : 6h00 Nombre de le\u00e7ons : 3 Ce cours contient les le\u00e7ons :&#8230;<\/p>","protected":false},"featured_media":1421,"template":"","meta":{"_seopress_robots_primary_cat":"none","_seopress_titles_title":"","_seopress_titles_desc":"","_seopress_robots_index":"","_coblocks_attr":"","_coblocks_dimensions":"","_coblocks_responsive_height":"","_coblocks_accordion_ie_support":"","_eb_attr":"","_kad_post_transparent":"default","_kad_post_title":"","_kad_post_layout":"default","_kad_post_sidebar_id":"","_kad_post_content_style":"default","_kad_post_vertical_padding":"default","_kad_post_feature":"","_kad_post_feature_position":"","_kad_post_header":false,"_kad_post_footer":false,"_kad_post_classname":"","_jet_sm_ready_style":"","_jet_sm_style":"","_jet_sm_controls_values":"","_jet_sm_fonts_collection":"","_jet_sm_fonts_links":""},"product_brand":[],"product_cat":[26],"product_tag":[],"class_list":{"0":"post-1420","1":"product","2":"type-product","3":"status-publish","4":"has-post-thumbnail","6":"product_cat-extensions-de-cils","8":"first","9":"instock","10":"shipping-taxable","11":"purchasable","12":"product-type-variable","13":"entry","14":"content-bg","15":"loop-entry"},"_links":{"self":[{"href":"https:\/\/linemakeup.com\/en\/wp-json\/wp\/v2\/product\/1420","targetHints":{"allow":["GET"]}}],"collection":[{"href":"https:\/\/linemakeup.com\/en\/wp-json\/wp\/v2\/product"}],"about":[{"href":"https:\/\/linemakeup.com\/en\/wp-json\/wp\/v2\/types\/product"}],"wp:featuredmedia":[{"embeddable":true,"href":"https:\/\/linemakeup.com\/en\/wp-json\/wp\/v2\/media\/1421"}],"wp:attachment":[{"href":"https:\/\/linemakeup.com\/en\/wp-json\/wp\/v2\/media?parent=1420"}],"wp:term":[{"taxonomy":"product_brand","embeddable":true,"href":"https:\/\/linemakeup.com\/en\/wp-json\/wp\/v2\/product_brand?post=1420"},{"taxonomy":"product_cat","embeddable":true,"href":"https:\/\/linemakeup.com\/en\/wp-json\/wp\/v2\/product_cat?post=1420"},{"taxonomy":"product_tag","embeddable":true,"href":"https:\/\/linemakeup.com\/en\/wp-json\/wp\/v2\/product_tag?post=1420"}],"curies":[{"name":"wp","href":"https:\/\/api.w.org\/{rel}","templated":true}]}}