{"id":1424,"date":"2023-04-10T15:28:15","date_gmt":"2023-04-10T13:28:15","guid":{"rendered":"https:\/\/linemakeup.com\/produit\/kit-microblading\/"},"modified":"2024-03-01T10:57:07","modified_gmt":"2024-03-01T09:57:07","slug":"kit-microblading","status":"publish","type":"product","link":"https:\/\/linemakeup.com\/en\/product\/kit-microblading\/","title":{"rendered":"Microblading Kit"},"content":{"rendered":"<p style=\"text-align: center;\">List of Microblading KIT products:<\/p>\n<p style=\"text-align: center;\">EMIRE PMU Pigment Blond shade 10 ml x1<br \/>\nEMIRE PMU Pigment Chocolat shade 10 ml x1<br \/>\nEMIRE PMU Pigment Black Brown shade 10 ml x1<br \/>\nEMIRE PMU Pigment Black shade 10 ml x1<br \/>\nMicroblading Pen x1<br \/>\nMicroblading Needles 14 pins U shape x20<br \/>\nGolden Ratio Caliper x1<br \/>\nCaliper x1<br \/>\nEyebrow pen x1<br \/>\nPigment rings x20<br \/>\nMicrobrushes x20<br \/>\nSynthetic skin x2<\/p>\n<div id='gallery-1' class='gallery galleryid-1424 gallery-columns-4 gallery-size-thumbnail'><figure class='gallery-item'>\n\t\t\t<div class='gallery-icon landscape'>\n\t\t\t\t<img loading=\"lazy\" decoding=\"async\" width=\"150\" height=\"150\" src=\"https:\/\/linemakeup.com\/wp-content\/uploads\/2023\/04\/kit-microblading-stylo-microblading-metallique-150x150.png\" class=\"attachment-thumbnail size-thumbnail\" alt=\"\" aria-describedby=\"gallery-1-1445\" srcset=\"https:\/\/linemakeup.com\/wp-content\/uploads\/2023\/04\/kit-microblading-stylo-microblading-metallique-150x150.png 150w, https:\/\/linemakeup.com\/wp-content\/uploads\/2023\/04\/kit-microblading-stylo-microblading-metallique-300x300.png 300w, https:\/\/linemakeup.com\/wp-content\/uploads\/2023\/04\/kit-microblading-stylo-microblading-metallique-100x100.png 100w\" sizes=\"auto, (max-width: 150px) 100vw, 150px\" \/>\n\t\t\t<\/div>\n\t\t\t\t<figcaption class='wp-caption-text gallery-caption' id='gallery-1-1445'>\n\t\t\t\t1x Stylo Microblading 2en1\n\t\t\t\t<\/figcaption><\/figure><figure class='gallery-item'>\n\t\t\t<div class='gallery-icon landscape'>\n\t\t\t\t<img loading=\"lazy\" decoding=\"async\" width=\"150\" height=\"150\" src=\"https:\/\/linemakeup.com\/wp-content\/uploads\/2023\/04\/kit-microblading-aiguilles-150x150.png\" class=\"attachment-thumbnail size-thumbnail\" alt=\"\" aria-describedby=\"gallery-1-1444\" srcset=\"https:\/\/linemakeup.com\/wp-content\/uploads\/2023\/04\/kit-microblading-aiguilles-150x150.png 150w, https:\/\/linemakeup.com\/wp-content\/uploads\/2023\/04\/kit-microblading-aiguilles-300x300.png 300w, https:\/\/linemakeup.com\/wp-content\/uploads\/2023\/04\/kit-microblading-aiguilles-100x100.png 100w\" sizes=\"auto, (max-width: 150px) 100vw, 150px\" \/>\n\t\t\t<\/div>\n\t\t\t\t<figcaption class='wp-caption-text gallery-caption' id='gallery-1-1444'>\n\t\t\t\t20x Microblading Needles\n\t\t\t\t<\/figcaption><\/figure><figure class='gallery-item'>\n\t\t\t<div class='gallery-icon landscape'>\n\t\t\t\t<img loading=\"lazy\" decoding=\"async\" width=\"150\" height=\"150\" src=\"https:\/\/linemakeup.com\/wp-content\/uploads\/2023\/04\/kit-microblading-pigment-blond-150x150.webp\" class=\"attachment-thumbnail size-thumbnail\" alt=\"\" aria-describedby=\"gallery-1-1453\" srcset=\"https:\/\/linemakeup.com\/wp-content\/uploads\/2023\/04\/kit-microblading-pigment-blond-150x150.webp 150w, https:\/\/linemakeup.com\/wp-content\/uploads\/2023\/04\/kit-microblading-pigment-blond-300x300.webp 300w, https:\/\/linemakeup.com\/wp-content\/uploads\/2023\/04\/kit-microblading-pigment-blond-600x600.webp 600w, https:\/\/linemakeup.com\/wp-content\/uploads\/2023\/04\/kit-microblading-pigment-blond-100x100.webp 100w, https:\/\/linemakeup.com\/wp-content\/uploads\/2023\/04\/kit-microblading-pigment-blond.webp 700w\" sizes=\"auto, (max-width: 150px) 100vw, 150px\" \/>\n\t\t\t<\/div>\n\t\t\t\t<figcaption class='wp-caption-text gallery-caption' id='gallery-1-1453'>\n\t\t\t\t1x Pigment EMIRE Blond 10 ml \n\t\t\t\t<\/figcaption><\/figure><figure class='gallery-item'>\n\t\t\t<div class='gallery-icon landscape'>\n\t\t\t\t<img loading=\"lazy\" decoding=\"async\" width=\"150\" height=\"150\" src=\"https:\/\/linemakeup.com\/wp-content\/uploads\/2023\/04\/kit-microblading-pigment-black-150x150.webp\" class=\"attachment-thumbnail size-thumbnail\" alt=\"\" aria-describedby=\"gallery-1-1450\" srcset=\"https:\/\/linemakeup.com\/wp-content\/uploads\/2023\/04\/kit-microblading-pigment-black-150x150.webp 150w, https:\/\/linemakeup.com\/wp-content\/uploads\/2023\/04\/kit-microblading-pigment-black-300x300.webp 300w, https:\/\/linemakeup.com\/wp-content\/uploads\/2023\/04\/kit-microblading-pigment-black-600x600.webp 600w, https:\/\/linemakeup.com\/wp-content\/uploads\/2023\/04\/kit-microblading-pigment-black-100x100.webp 100w, https:\/\/linemakeup.com\/wp-content\/uploads\/2023\/04\/kit-microblading-pigment-black.webp 700w\" sizes=\"auto, (max-width: 150px) 100vw, 150px\" \/>\n\t\t\t<\/div>\n\t\t\t\t<figcaption class='wp-caption-text gallery-caption' id='gallery-1-1450'>\n\t\t\t\t1x Pigment EMIRE Chocolat 10 ml\n\t\t\t\t<\/figcaption><\/figure><figure class='gallery-item'>\n\t\t\t<div class='gallery-icon landscape'>\n\t\t\t\t<img loading=\"lazy\" decoding=\"async\" width=\"150\" height=\"150\" src=\"https:\/\/linemakeup.com\/wp-content\/uploads\/2023\/04\/kit-microblading-pigment-black-brown-150x150.webp\" class=\"attachment-thumbnail size-thumbnail\" alt=\"\" aria-describedby=\"gallery-1-1451\" srcset=\"https:\/\/linemakeup.com\/wp-content\/uploads\/2023\/04\/kit-microblading-pigment-black-brown-150x150.webp 150w, https:\/\/linemakeup.com\/wp-content\/uploads\/2023\/04\/kit-microblading-pigment-black-brown-300x300.webp 300w, https:\/\/linemakeup.com\/wp-content\/uploads\/2023\/04\/kit-microblading-pigment-black-brown-600x600.webp 600w, https:\/\/linemakeup.com\/wp-content\/uploads\/2023\/04\/kit-microblading-pigment-black-brown-100x100.webp 100w, https:\/\/linemakeup.com\/wp-content\/uploads\/2023\/04\/kit-microblading-pigment-black-brown.webp 700w\" sizes=\"auto, (max-width: 150px) 100vw, 150px\" \/>\n\t\t\t<\/div>\n\t\t\t\t<figcaption class='wp-caption-text gallery-caption' id='gallery-1-1451'>\n\t\t\t\t1x Pigment EMIRE Black Brown 10ml\n\t\t\t\t<\/figcaption><\/figure><figure class='gallery-item'>\n\t\t\t<div class='gallery-icon landscape'>\n\t\t\t\t<img loading=\"lazy\" decoding=\"async\" width=\"150\" height=\"150\" src=\"https:\/\/linemakeup.com\/wp-content\/uploads\/2023\/04\/kit-microblading-pigment-chocolat-150x150.webp\" class=\"attachment-thumbnail size-thumbnail\" alt=\"\" aria-describedby=\"gallery-1-1452\" srcset=\"https:\/\/linemakeup.com\/wp-content\/uploads\/2023\/04\/kit-microblading-pigment-chocolat-150x150.webp 150w, https:\/\/linemakeup.com\/wp-content\/uploads\/2023\/04\/kit-microblading-pigment-chocolat-300x300.webp 300w, https:\/\/linemakeup.com\/wp-content\/uploads\/2023\/04\/kit-microblading-pigment-chocolat-600x600.webp 600w, https:\/\/linemakeup.com\/wp-content\/uploads\/2023\/04\/kit-microblading-pigment-chocolat-100x100.webp 100w, https:\/\/linemakeup.com\/wp-content\/uploads\/2023\/04\/kit-microblading-pigment-chocolat.webp 700w\" sizes=\"auto, (max-width: 150px) 100vw, 150px\" \/>\n\t\t\t<\/div>\n\t\t\t\t<figcaption class='wp-caption-text gallery-caption' id='gallery-1-1452'>\n\t\t\t\t1x Pigment EMIRE Black 10 ml\n\t\t\t\t<\/figcaption><\/figure><figure class='gallery-item'>\n\t\t\t<div class='gallery-icon landscape'>\n\t\t\t\t<img loading=\"lazy\" decoding=\"async\" width=\"150\" height=\"150\" src=\"https:\/\/linemakeup.com\/wp-content\/uploads\/2023\/04\/kit-microblading-crayon-a-sourcils-150x150.png\" class=\"attachment-thumbnail size-thumbnail\" alt=\"\" aria-describedby=\"gallery-1-1454\" srcset=\"https:\/\/linemakeup.com\/wp-content\/uploads\/2023\/04\/kit-microblading-crayon-a-sourcils-150x150.png 150w, https:\/\/linemakeup.com\/wp-content\/uploads\/2023\/04\/kit-microblading-crayon-a-sourcils-300x300.png 300w, https:\/\/linemakeup.com\/wp-content\/uploads\/2023\/04\/kit-microblading-crayon-a-sourcils-100x100.png 100w\" sizes=\"auto, (max-width: 150px) 100vw, 150px\" \/>\n\t\t\t<\/div>\n\t\t\t\t<figcaption class='wp-caption-text gallery-caption' id='gallery-1-1454'>\n\t\t\t\t1x Brow mapping Eyebrow Pen\n\t\t\t\t<\/figcaption><\/figure><figure class='gallery-item'>\n\t\t\t<div class='gallery-icon landscape'>\n\t\t\t\t<img loading=\"lazy\" decoding=\"async\" width=\"150\" height=\"150\" src=\"https:\/\/linemakeup.com\/wp-content\/uploads\/2023\/04\/kit-microblading-pied-a-coulisse-150x150.png\" class=\"attachment-thumbnail size-thumbnail\" alt=\"\" aria-describedby=\"gallery-1-1448\" srcset=\"https:\/\/linemakeup.com\/wp-content\/uploads\/2023\/04\/kit-microblading-pied-a-coulisse-150x150.png 150w, https:\/\/linemakeup.com\/wp-content\/uploads\/2023\/04\/kit-microblading-pied-a-coulisse-300x300.png 300w, https:\/\/linemakeup.com\/wp-content\/uploads\/2023\/04\/kit-microblading-pied-a-coulisse-100x100.png 100w\" sizes=\"auto, (max-width: 150px) 100vw, 150px\" \/>\n\t\t\t<\/div>\n\t\t\t\t<figcaption class='wp-caption-text gallery-caption' id='gallery-1-1448'>\n\t\t\t\t1x Caliper\n\t\t\t\t<\/figcaption><\/figure><figure class='gallery-item'>\n\t\t\t<div class='gallery-icon landscape'>\n\t\t\t\t<img loading=\"lazy\" decoding=\"async\" width=\"150\" height=\"150\" src=\"https:\/\/linemakeup.com\/wp-content\/uploads\/2023\/04\/kit-microblading-compas-150x150.png\" class=\"attachment-thumbnail size-thumbnail\" alt=\"\" aria-describedby=\"gallery-1-1447\" srcset=\"https:\/\/linemakeup.com\/wp-content\/uploads\/2023\/04\/kit-microblading-compas-150x150.png 150w, https:\/\/linemakeup.com\/wp-content\/uploads\/2023\/04\/kit-microblading-compas-300x300.png 300w, https:\/\/linemakeup.com\/wp-content\/uploads\/2023\/04\/kit-microblading-compas-100x100.png 100w\" sizes=\"auto, (max-width: 150px) 100vw, 150px\" \/>\n\t\t\t<\/div>\n\t\t\t\t<figcaption class='wp-caption-text gallery-caption' id='gallery-1-1447'>\n\t\t\t\t1x Golden Ratio caliper \n\t\t\t\t<\/figcaption><\/figure><figure class='gallery-item'>\n\t\t\t<div class='gallery-icon landscape'>\n\t\t\t\t<img loading=\"lazy\" decoding=\"async\" width=\"150\" height=\"150\" src=\"https:\/\/linemakeup.com\/wp-content\/uploads\/2023\/04\/kit-microblading-microbrossettes-150x150.png\" class=\"attachment-thumbnail size-thumbnail\" alt=\"\" aria-describedby=\"gallery-1-1446\" srcset=\"https:\/\/linemakeup.com\/wp-content\/uploads\/2023\/04\/kit-microblading-microbrossettes-150x150.png 150w, https:\/\/linemakeup.com\/wp-content\/uploads\/2023\/04\/kit-microblading-microbrossettes-300x300.png 300w, https:\/\/linemakeup.com\/wp-content\/uploads\/2023\/04\/kit-microblading-microbrossettes-100x100.png 100w\" sizes=\"auto, (max-width: 150px) 100vw, 150px\" \/>\n\t\t\t<\/div>\n\t\t\t\t<figcaption class='wp-caption-text gallery-caption' id='gallery-1-1446'>\n\t\t\t\t20x Microbrushes\n\t\t\t\t<\/figcaption><\/figure><figure class='gallery-item'>\n\t\t\t<div class='gallery-icon landscape'>\n\t\t\t\t<img loading=\"lazy\" decoding=\"async\" width=\"150\" height=\"150\" src=\"https:\/\/linemakeup.com\/wp-content\/uploads\/2023\/04\/kit-microblading-bague-a-pigment-150x150.png\" class=\"attachment-thumbnail size-thumbnail\" alt=\"\" aria-describedby=\"gallery-1-1443\" srcset=\"https:\/\/linemakeup.com\/wp-content\/uploads\/2023\/04\/kit-microblading-bague-a-pigment-150x150.png 150w, https:\/\/linemakeup.com\/wp-content\/uploads\/2023\/04\/kit-microblading-bague-a-pigment-300x300.png 300w, https:\/\/linemakeup.com\/wp-content\/uploads\/2023\/04\/kit-microblading-bague-a-pigment-100x100.png 100w\" sizes=\"auto, (max-width: 150px) 100vw, 150px\" \/>\n\t\t\t<\/div>\n\t\t\t\t<figcaption class='wp-caption-text gallery-caption' id='gallery-1-1443'>\n\t\t\t\t20x Pigment Rings\n\t\t\t\t<\/figcaption><\/figure><figure class='gallery-item'>\n\t\t\t<div class='gallery-icon landscape'>\n\t\t\t\t<img loading=\"lazy\" decoding=\"async\" width=\"150\" height=\"150\" src=\"https:\/\/linemakeup.com\/wp-content\/uploads\/2023\/04\/kit-microblading-peau-synthetique-sourcils-150x150.png\" class=\"attachment-thumbnail size-thumbnail\" alt=\"\" aria-describedby=\"gallery-1-1449\" srcset=\"https:\/\/linemakeup.com\/wp-content\/uploads\/2023\/04\/kit-microblading-peau-synthetique-sourcils-150x150.png 150w, https:\/\/linemakeup.com\/wp-content\/uploads\/2023\/04\/kit-microblading-peau-synthetique-sourcils-300x300.png 300w, https:\/\/linemakeup.com\/wp-content\/uploads\/2023\/04\/kit-microblading-peau-synthetique-sourcils-100x100.png 100w\" sizes=\"auto, (max-width: 150px) 100vw, 150px\" \/>\n\t\t\t<\/div>\n\t\t\t\t<figcaption class='wp-caption-text gallery-caption' id='gallery-1-1449'>\n\t\t\t\t2x Synthetic skin\n\t\t\t\t<\/figcaption><\/figure>\n\t\t<\/div>","protected":false},"excerpt":{"rendered":"<p>Liste des produits du KIT Microblading : Pigment EMIRE Blond 10 ml x1 Pigment EMIRE Chocolat 10 ml x1 Pigment EMIRE Black Brown 10 ml x1 Pigment EMIRE Black 10 ml x1 Stylo Microblading \u00a0x1 Aiguilles Microblading 14 pointes en U x20 Compas m\u00e9tallique x1 Pieds \u00e0 Coulisse x1 Crayon Trac\u00e9 Sourcils x1 Bagues \u00e0&#8230;<\/p>","protected":false},"featured_media":34181,"template":"","meta":{"_seopress_robots_primary_cat":"","_seopress_titles_title":"","_seopress_titles_desc":"","_seopress_robots_index":"","_coblocks_attr":"","_coblocks_dimensions":"","_coblocks_responsive_height":"","_coblocks_accordion_ie_support":"","_eb_attr":"","_kad_post_transparent":"default","_kad_post_title":"","_kad_post_layout":"default","_kad_post_sidebar_id":"","_kad_post_content_style":"default","_kad_post_vertical_padding":"default","_kad_post_feature":"","_kad_post_feature_position":"","_kad_post_header":false,"_kad_post_footer":false,"_kad_post_classname":"","_jet_sm_ready_style":"","_jet_sm_style":"","_jet_sm_controls_values":"","_jet_sm_fonts_collection":"","_jet_sm_fonts_links":""},"product_brand":[],"product_cat":[27],"product_tag":[],"class_list":{"0":"post-1424","1":"product","2":"type-product","3":"status-publish","4":"has-post-thumbnail","6":"product_cat-kits","8":"first","9":"instock","10":"shipping-taxable","11":"purchasable","12":"product-type-simple","13":"entry","14":"content-bg","15":"loop-entry"},"_links":{"self":[{"href":"https:\/\/linemakeup.com\/en\/wp-json\/wp\/v2\/product\/1424","targetHints":{"allow":["GET"]}}],"collection":[{"href":"https:\/\/linemakeup.com\/en\/wp-json\/wp\/v2\/product"}],"about":[{"href":"https:\/\/linemakeup.com\/en\/wp-json\/wp\/v2\/types\/product"}],"wp:featuredmedia":[{"embeddable":true,"href":"https:\/\/linemakeup.com\/en\/wp-json\/wp\/v2\/media\/34181"}],"wp:attachment":[{"href":"https:\/\/linemakeup.com\/en\/wp-json\/wp\/v2\/media?parent=1424"}],"wp:term":[{"taxonomy":"product_brand","embeddable":true,"href":"https:\/\/linemakeup.com\/en\/wp-json\/wp\/v2\/product_brand?post=1424"},{"taxonomy":"product_cat","embeddable":true,"href":"https:\/\/linemakeup.com\/en\/wp-json\/wp\/v2\/product_cat?post=1424"},{"taxonomy":"product_tag","embeddable":true,"href":"https:\/\/linemakeup.com\/en\/wp-json\/wp\/v2\/product_tag?post=1424"}],"curies":[{"name":"wp","href":"https:\/\/api.w.org\/{rel}","templated":true}]}}