{"id":1425,"date":"2023-04-10T15:28:16","date_gmt":"2023-04-10T13:28:16","guid":{"rendered":"https:\/\/linemakeup.com\/produit\/kit-maquillage-permanent\/"},"modified":"2024-11-11T23:00:39","modified_gmt":"2024-11-11T22:00:39","slug":"kit-maquillage-permanent","status":"publish","type":"product","link":"https:\/\/linemakeup.com\/en\/product\/kit-maquillage-permanent\/","title":{"rendered":"Permanent MakeUp KIT for Microshading, Eye-Liner &amp; Lips"},"content":{"rendered":"<p style=\"text-align: center;\">List of KIT items :<\/p>\n<div style=\"text-align: center;\">\n<p>Dermographe Derma x1<br \/>\nCartridge Needles 1 Nano DERMA x5<br \/>\nCartridge Needles 1 Micro DERMA x5<br \/>\nCartridge Needles 1 Liner DERMA x5<br \/>\nCartridge Needles 3 Outline DERMA x5<br \/>\nCartridge Needles 5 Flat DERMA x5<br \/>\nCartridge Needles 5 Shader DERMA x5<br \/>\nCaliper x1<br \/>\n<span style=\"font-size: 16px;\">Golden Ratio Caliper x1<br \/>\n<\/span><span style=\"font-size: 16px;\">Brow mapping Eyebrow &amp; Eyes Pen x1<br \/>\n<\/span><span style=\"font-size: 16px;\">Lips mapping Pen x1<\/span><span style=\"font-size: 16px;\"><br \/>\n<\/span><span style=\"font-size: 16px;\">Microbrushes x100<br \/>\nPigment rings x30<br \/>\n<\/span><span style=\"font-size: 16px;\">Eyebrow practice synthetic skin x2<br \/>\n<\/span><span style=\"font-size: 16px;\">Lips practice synthetic skin x2<br \/>\n<\/span><span style=\"font-size: 16px;\">Eyeliner practice synthetic skin x2<br \/>\n<\/span><span style=\"font-size: 16px;\">EMIRE PMU Pigment Blond shade 10 ml x1<br \/>\n<\/span><span style=\"font-size: 16px;\">EMIRE PMU Pigment Chocolat shade 10 ml x1<br \/>\n<\/span><span style=\"font-size: 16px;\">EMIRE PMU Pigment Black Brown shade 10 ml x1<br \/>\n<\/span><span style=\"font-size: 16px;\">EMIRE PMU Pigment Black shade 10 ml x1<br \/>\n<\/span>EMIRE PMU Pigment Coco Lips shade 10 ml x1<br \/>\n<span style=\"font-size: 16px;\">EMIRE PMU Pigment Red Cherry Lips shade 10 ml x1<br \/>\nEMIRE PMU Pigment Peach Lips shade 10 ml x1<\/span><span style=\"font-size: 16px;\"><br \/>\n<\/span><span style=\"font-size: 16px;\">EMIRE PMU Pigment Pink Lips shade 10 ml x1<br \/>\nPigment EMIRE Cosy Lips 10 ml x1.<br \/>\n<\/span><\/p>\n<\/div>","protected":false},"excerpt":{"rendered":"<p>Liste des \u00e9l\u00e9ments du KIT : Dermographe Derma x1 Aiguilles 1 Nano DERMA x5 Aiguilles 1 Micro DERMA x5 Aiguilles 1 Liner DERMA x5 Aiguilles 3 Outline DERMA x5 Aiguilles 5 Flat DERMA x5 Aiguilles 5 Shader DERMA x5 Pieds \u00e0 Coulisse x1 Compas m\u00e9tallique x1 Crayon Trac\u00e9 Sourcils &amp; Yeux x1 Crayon Trac\u00e9 L\u00e8vres&#8230;<\/p>","protected":false},"featured_media":1426,"template":"","meta":{"_seopress_robots_primary_cat":"none","_seopress_titles_title":"","_seopress_titles_desc":"","_seopress_robots_index":"","_coblocks_attr":"","_coblocks_dimensions":"","_coblocks_responsive_height":"","_coblocks_accordion_ie_support":"","_eb_attr":"","_kad_post_transparent":"default","_kad_post_title":"","_kad_post_layout":"default","_kad_post_sidebar_id":"","_kad_post_content_style":"default","_kad_post_vertical_padding":"default","_kad_post_feature":"","_kad_post_feature_position":"","_kad_post_header":false,"_kad_post_footer":false,"_kad_post_classname":"","_jet_sm_ready_style":"","_jet_sm_style":"","_jet_sm_controls_values":"","_jet_sm_fonts_collection":"","_jet_sm_fonts_links":""},"product_brand":[],"product_cat":[27],"product_tag":[],"class_list":{"0":"post-1425","1":"product","2":"type-product","3":"status-publish","4":"has-post-thumbnail","6":"product_cat-kits","8":"first","9":"instock","10":"shipping-taxable","11":"purchasable","12":"product-type-simple","13":"entry","14":"content-bg","15":"loop-entry"},"_links":{"self":[{"href":"https:\/\/linemakeup.com\/en\/wp-json\/wp\/v2\/product\/1425","targetHints":{"allow":["GET"]}}],"collection":[{"href":"https:\/\/linemakeup.com\/en\/wp-json\/wp\/v2\/product"}],"about":[{"href":"https:\/\/linemakeup.com\/en\/wp-json\/wp\/v2\/types\/product"}],"wp:featuredmedia":[{"embeddable":true,"href":"https:\/\/linemakeup.com\/en\/wp-json\/wp\/v2\/media\/1426"}],"wp:attachment":[{"href":"https:\/\/linemakeup.com\/en\/wp-json\/wp\/v2\/media?parent=1425"}],"wp:term":[{"taxonomy":"product_brand","embeddable":true,"href":"https:\/\/linemakeup.com\/en\/wp-json\/wp\/v2\/product_brand?post=1425"},{"taxonomy":"product_cat","embeddable":true,"href":"https:\/\/linemakeup.com\/en\/wp-json\/wp\/v2\/product_cat?post=1425"},{"taxonomy":"product_tag","embeddable":true,"href":"https:\/\/linemakeup.com\/en\/wp-json\/wp\/v2\/product_tag?post=1425"}],"curies":[{"name":"wp","href":"https:\/\/api.w.org\/{rel}","templated":true}]}}