{"id":28773,"date":"2023-11-12T00:20:09","date_gmt":"2023-11-11T23:20:09","guid":{"rendered":"https:\/\/linemakeup.com\/?post_type=product&#038;p=28773"},"modified":"2024-01-24T06:59:59","modified_gmt":"2024-01-24T05:59:59","slug":"pack-18-21","status":"publish","type":"product","link":"https:\/\/linemakeup.com\/en\/product\/pack-18-21\/","title":{"rendered":"20 Aesthetic Trainings special price for members with ages 18-21"},"content":{"rendered":"<p style=\"text-align: center;\"><strong>Special price available for members ages 18-21<\/strong><\/p>\n<p style=\"text-align: center;\"><strong>Upload you ID<\/strong>\u00a0and order directly and<br \/>\ncan to take advantage of your <strong>discount<\/strong>.<\/p>\n<p style=\"text-align: center;\">We check <strong>your<br \/>\ndata<\/strong>. After validation, a<br \/>\ne-mail notification will be send to you<br \/>\nwithin <strong>12 to 24 hours<\/strong>.<\/p>\n<p style=\"text-align: center;\">With the Linemakeup Training Subscription,<br \/>\nfor <strong>12 months<\/strong>, you can<br \/>\nwatch as many videos as<br \/>\nyou like, for <strong>to develop<br \/>\nyour skills\u00a0<\/strong>and keep you<br \/>\nup to date <strong>with aesthetic innovations. <\/strong><\/p>\n<div id='gallery-1' class='gallery galleryid-28773 gallery-columns-6 gallery-size-thumbnail'><figure class='gallery-item'>\n\t\t\t<div class='gallery-icon portrait'>\n\t\t\t\t<img loading=\"lazy\" decoding=\"async\" width=\"150\" height=\"150\" src=\"https:\/\/linemakeup.com\/wp-content\/uploads\/2023\/06\/linemakeup-emaquillage-permanent-microshading-formation-esthetique-en-ligne-150x150.png\" class=\"attachment-thumbnail size-thumbnail\" alt=\"\" srcset=\"https:\/\/linemakeup.com\/wp-content\/uploads\/2023\/06\/linemakeup-emaquillage-permanent-microshading-formation-esthetique-en-ligne-150x150.png 150w, https:\/\/linemakeup.com\/wp-content\/uploads\/2023\/06\/linemakeup-emaquillage-permanent-microshading-formation-esthetique-en-ligne-300x300.png 300w, https:\/\/linemakeup.com\/wp-content\/uploads\/2023\/06\/linemakeup-emaquillage-permanent-microshading-formation-esthetique-en-ligne-100x100.png 100w\" sizes=\"auto, (max-width: 150px) 100vw, 150px\" \/>\n\t\t\t<\/div><\/figure><figure class='gallery-item'>\n\t\t\t<div class='gallery-icon portrait'>\n\t\t\t\t<img loading=\"lazy\" decoding=\"async\" width=\"150\" height=\"150\" src=\"https:\/\/linemakeup.com\/wp-content\/uploads\/2023\/06\/linemakeup-maquillage-permanent-microblading-formation-esthetique-en-ligne-150x150.png\" class=\"attachment-thumbnail size-thumbnail\" alt=\"\" srcset=\"https:\/\/linemakeup.com\/wp-content\/uploads\/2023\/06\/linemakeup-maquillage-permanent-microblading-formation-esthetique-en-ligne-150x150.png 150w, https:\/\/linemakeup.com\/wp-content\/uploads\/2023\/06\/linemakeup-maquillage-permanent-microblading-formation-esthetique-en-ligne-300x300.png 300w, https:\/\/linemakeup.com\/wp-content\/uploads\/2023\/06\/linemakeup-maquillage-permanent-microblading-formation-esthetique-en-ligne-100x100.png 100w\" sizes=\"auto, (max-width: 150px) 100vw, 150px\" \/>\n\t\t\t<\/div><\/figure><figure class='gallery-item'>\n\t\t\t<div class='gallery-icon portrait'>\n\t\t\t\t<img loading=\"lazy\" decoding=\"async\" width=\"150\" height=\"150\" src=\"https:\/\/linemakeup.com\/wp-content\/uploads\/2023\/06\/linemakeup-maquillage-permanent-candy-lips-formation-esthetique-en-ligne-150x150.png\" class=\"attachment-thumbnail size-thumbnail\" alt=\"\" srcset=\"https:\/\/linemakeup.com\/wp-content\/uploads\/2023\/06\/linemakeup-maquillage-permanent-candy-lips-formation-esthetique-en-ligne-150x150.png 150w, https:\/\/linemakeup.com\/wp-content\/uploads\/2023\/06\/linemakeup-maquillage-permanent-candy-lips-formation-esthetique-en-ligne-300x300.png 300w, https:\/\/linemakeup.com\/wp-content\/uploads\/2023\/06\/linemakeup-maquillage-permanent-candy-lips-formation-esthetique-en-ligne-100x100.png 100w\" sizes=\"auto, (max-width: 150px) 100vw, 150px\" \/>\n\t\t\t<\/div><\/figure><figure class='gallery-item'>\n\t\t\t<div class='gallery-icon portrait'>\n\t\t\t\t<img loading=\"lazy\" decoding=\"async\" width=\"150\" height=\"150\" src=\"https:\/\/linemakeup.com\/wp-content\/uploads\/2023\/06\/linemakeup-maquillage-permanent-eye-liner-formation-esthetique-en-ligne-150x150.png\" class=\"attachment-thumbnail size-thumbnail\" alt=\"\" srcset=\"https:\/\/linemakeup.com\/wp-content\/uploads\/2023\/06\/linemakeup-maquillage-permanent-eye-liner-formation-esthetique-en-ligne-150x150.png 150w, https:\/\/linemakeup.com\/wp-content\/uploads\/2023\/06\/linemakeup-maquillage-permanent-eye-liner-formation-esthetique-en-ligne-300x300.png 300w, https:\/\/linemakeup.com\/wp-content\/uploads\/2023\/06\/linemakeup-maquillage-permanent-eye-liner-formation-esthetique-en-ligne-100x100.png 100w\" sizes=\"auto, (max-width: 150px) 100vw, 150px\" \/>\n\t\t\t<\/div><\/figure><figure class='gallery-item'>\n\t\t\t<div class='gallery-icon portrait'>\n\t\t\t\t<img loading=\"lazy\" decoding=\"async\" width=\"150\" height=\"150\" src=\"https:\/\/linemakeup.com\/wp-content\/uploads\/2023\/06\/linemakeup-maquillage-permanet-detatouage-formation-esthetique-en-ligne-150x150.png\" class=\"attachment-thumbnail size-thumbnail\" alt=\"\" srcset=\"https:\/\/linemakeup.com\/wp-content\/uploads\/2023\/06\/linemakeup-maquillage-permanet-detatouage-formation-esthetique-en-ligne-150x150.png 150w, https:\/\/linemakeup.com\/wp-content\/uploads\/2023\/06\/linemakeup-maquillage-permanet-detatouage-formation-esthetique-en-ligne-300x300.png 300w, https:\/\/linemakeup.com\/wp-content\/uploads\/2023\/06\/linemakeup-maquillage-permanet-detatouage-formation-esthetique-en-ligne-100x100.png 100w\" sizes=\"auto, (max-width: 150px) 100vw, 150px\" \/>\n\t\t\t<\/div><\/figure><figure class='gallery-item'>\n\t\t\t<div class='gallery-icon portrait'>\n\t\t\t\t<img loading=\"lazy\" decoding=\"async\" width=\"150\" height=\"150\" src=\"https:\/\/linemakeup.com\/wp-content\/uploads\/2023\/06\/linemakeup-microneedling-formation-esthetique-en-ligne-150x150.png\" class=\"attachment-thumbnail size-thumbnail\" alt=\"\" srcset=\"https:\/\/linemakeup.com\/wp-content\/uploads\/2023\/06\/linemakeup-microneedling-formation-esthetique-en-ligne-150x150.png 150w, https:\/\/linemakeup.com\/wp-content\/uploads\/2023\/06\/linemakeup-microneedling-formation-esthetique-en-ligne-300x300.png 300w, https:\/\/linemakeup.com\/wp-content\/uploads\/2023\/06\/linemakeup-microneedling-formation-esthetique-en-ligne-100x100.png 100w\" sizes=\"auto, (max-width: 150px) 100vw, 150px\" \/>\n\t\t\t<\/div><\/figure><figure class='gallery-item'>\n\t\t\t<div class='gallery-icon portrait'>\n\t\t\t\t<img loading=\"lazy\" decoding=\"async\" width=\"150\" height=\"150\" src=\"https:\/\/linemakeup.com\/wp-content\/uploads\/2023\/06\/linemakeup-baby-glow-formation-esthetique-en-ligne-150x150.png\" class=\"attachment-thumbnail size-thumbnail\" alt=\"\" srcset=\"https:\/\/linemakeup.com\/wp-content\/uploads\/2023\/06\/linemakeup-baby-glow-formation-esthetique-en-ligne-150x150.png 150w, https:\/\/linemakeup.com\/wp-content\/uploads\/2023\/06\/linemakeup-baby-glow-formation-esthetique-en-ligne-300x300.png 300w, https:\/\/linemakeup.com\/wp-content\/uploads\/2023\/06\/linemakeup-baby-glow-formation-esthetique-en-ligne-100x100.png 100w\" sizes=\"auto, (max-width: 150px) 100vw, 150px\" \/>\n\t\t\t<\/div><\/figure><figure class='gallery-item'>\n\t\t\t<div class='gallery-icon portrait'>\n\t\t\t\t<img loading=\"lazy\" decoding=\"async\" width=\"150\" height=\"150\" src=\"https:\/\/linemakeup.com\/wp-content\/uploads\/2023\/06\/linemakeup-plasma-lift-formation-esthetique-en-ligne-150x150.png\" class=\"attachment-thumbnail size-thumbnail\" alt=\"\" srcset=\"https:\/\/linemakeup.com\/wp-content\/uploads\/2023\/06\/linemakeup-plasma-lift-formation-esthetique-en-ligne-150x150.png 150w, https:\/\/linemakeup.com\/wp-content\/uploads\/2023\/06\/linemakeup-plasma-lift-formation-esthetique-en-ligne-300x300.png 300w, https:\/\/linemakeup.com\/wp-content\/uploads\/2023\/06\/linemakeup-plasma-lift-formation-esthetique-en-ligne-100x100.png 100w\" sizes=\"auto, (max-width: 150px) 100vw, 150px\" \/>\n\t\t\t<\/div><\/figure><figure class='gallery-item'>\n\t\t\t<div class='gallery-icon portrait'>\n\t\t\t\t<img loading=\"lazy\" decoding=\"async\" width=\"150\" height=\"150\" src=\"https:\/\/linemakeup.com\/wp-content\/uploads\/2023\/06\/linemakeup-brow-lift-formation-esthetique-en-ligne-150x150.png\" class=\"attachment-thumbnail size-thumbnail\" alt=\"\" srcset=\"https:\/\/linemakeup.com\/wp-content\/uploads\/2023\/06\/linemakeup-brow-lift-formation-esthetique-en-ligne-150x150.png 150w, https:\/\/linemakeup.com\/wp-content\/uploads\/2023\/06\/linemakeup-brow-lift-formation-esthetique-en-ligne-300x300.png 300w, https:\/\/linemakeup.com\/wp-content\/uploads\/2023\/06\/linemakeup-brow-lift-formation-esthetique-en-ligne-100x100.png 100w\" sizes=\"auto, (max-width: 150px) 100vw, 150px\" \/>\n\t\t\t<\/div><\/figure><figure class='gallery-item'>\n\t\t\t<div class='gallery-icon portrait'>\n\t\t\t\t<img loading=\"lazy\" decoding=\"async\" width=\"150\" height=\"150\" src=\"https:\/\/linemakeup.com\/wp-content\/uploads\/2023\/06\/linemakeup-extentions-de-cil-a-cil-rehaussement-formation-esthetique-en-ligne-150x150.png\" class=\"attachment-thumbnail size-thumbnail\" alt=\"\" srcset=\"https:\/\/linemakeup.com\/wp-content\/uploads\/2023\/06\/linemakeup-extentions-de-cil-a-cil-rehaussement-formation-esthetique-en-ligne-150x150.png 150w, https:\/\/linemakeup.com\/wp-content\/uploads\/2023\/06\/linemakeup-extentions-de-cil-a-cil-rehaussement-formation-esthetique-en-ligne-300x300.png 300w, https:\/\/linemakeup.com\/wp-content\/uploads\/2023\/06\/linemakeup-extentions-de-cil-a-cil-rehaussement-formation-esthetique-en-ligne-100x100.png 100w\" sizes=\"auto, (max-width: 150px) 100vw, 150px\" \/>\n\t\t\t<\/div><\/figure><figure class='gallery-item'>\n\t\t\t<div class='gallery-icon portrait'>\n\t\t\t\t<img loading=\"lazy\" decoding=\"async\" width=\"150\" height=\"150\" src=\"https:\/\/linemakeup.com\/wp-content\/uploads\/2023\/06\/linemakeup-extentions-de-cil-a-cil-volume-russe-formation-esthetique-en-ligne-150x150.png\" class=\"attachment-thumbnail size-thumbnail\" alt=\"\" srcset=\"https:\/\/linemakeup.com\/wp-content\/uploads\/2023\/06\/linemakeup-extentions-de-cil-a-cil-volume-russe-formation-esthetique-en-ligne-150x150.png 150w, https:\/\/linemakeup.com\/wp-content\/uploads\/2023\/06\/linemakeup-extentions-de-cil-a-cil-volume-russe-formation-esthetique-en-ligne-300x300.png 300w, https:\/\/linemakeup.com\/wp-content\/uploads\/2023\/06\/linemakeup-extentions-de-cil-a-cil-volume-russe-formation-esthetique-en-ligne-100x100.png 100w\" sizes=\"auto, (max-width: 150px) 100vw, 150px\" \/>\n\t\t\t<\/div><\/figure><figure class='gallery-item'>\n\t\t\t<div class='gallery-icon portrait'>\n\t\t\t\t<img loading=\"lazy\" decoding=\"async\" width=\"150\" height=\"150\" src=\"https:\/\/linemakeup.com\/wp-content\/uploads\/2023\/06\/linemakeup-extentions-de-cil-a-cil-formation-esthetique-en-ligne-150x150.png\" class=\"attachment-thumbnail size-thumbnail\" alt=\"\" srcset=\"https:\/\/linemakeup.com\/wp-content\/uploads\/2023\/06\/linemakeup-extentions-de-cil-a-cil-formation-esthetique-en-ligne-150x150.png 150w, https:\/\/linemakeup.com\/wp-content\/uploads\/2023\/06\/linemakeup-extentions-de-cil-a-cil-formation-esthetique-en-ligne-300x300.png 300w, https:\/\/linemakeup.com\/wp-content\/uploads\/2023\/06\/linemakeup-extentions-de-cil-a-cil-formation-esthetique-en-ligne-100x100.png 100w\" sizes=\"auto, (max-width: 150px) 100vw, 150px\" \/>\n\t\t\t<\/div><\/figure><figure class='gallery-item'>\n\t\t\t<div class='gallery-icon portrait'>\n\t\t\t\t<img loading=\"lazy\" decoding=\"async\" width=\"150\" height=\"150\" src=\"https:\/\/linemakeup.com\/wp-content\/uploads\/2023\/06\/linemakeup-formation-blanchiment-dentaire-esthetique-en-ligne-150x150.png\" class=\"attachment-thumbnail size-thumbnail\" alt=\"\" srcset=\"https:\/\/linemakeup.com\/wp-content\/uploads\/2023\/06\/linemakeup-formation-blanchiment-dentaire-esthetique-en-ligne-150x150.png 150w, https:\/\/linemakeup.com\/wp-content\/uploads\/2023\/06\/linemakeup-formation-blanchiment-dentaire-esthetique-en-ligne-300x300.png 300w, https:\/\/linemakeup.com\/wp-content\/uploads\/2023\/06\/linemakeup-formation-blanchiment-dentaire-esthetique-en-ligne-100x100.png 100w\" sizes=\"auto, (max-width: 150px) 100vw, 150px\" \/>\n\t\t\t<\/div><\/figure><figure class='gallery-item'>\n\t\t\t<div class='gallery-icon portrait'>\n\t\t\t\t<img loading=\"lazy\" decoding=\"async\" width=\"150\" height=\"150\" src=\"https:\/\/linemakeup.com\/wp-content\/uploads\/2023\/06\/linemakeup-lifting-colombien-formation-esthetique-en-ligne-150x150.png\" class=\"attachment-thumbnail size-thumbnail\" alt=\"\" srcset=\"https:\/\/linemakeup.com\/wp-content\/uploads\/2023\/06\/linemakeup-lifting-colombien-formation-esthetique-en-ligne-150x150.png 150w, https:\/\/linemakeup.com\/wp-content\/uploads\/2023\/06\/linemakeup-lifting-colombien-formation-esthetique-en-ligne-300x300.png 300w, https:\/\/linemakeup.com\/wp-content\/uploads\/2023\/06\/linemakeup-lifting-colombien-formation-esthetique-en-ligne-100x100.png 100w\" sizes=\"auto, (max-width: 150px) 100vw, 150px\" \/>\n\t\t\t<\/div><\/figure><figure class='gallery-item'>\n\t\t\t<div class='gallery-icon portrait'>\n\t\t\t\t<img loading=\"lazy\" decoding=\"async\" width=\"150\" height=\"150\" src=\"https:\/\/linemakeup.com\/wp-content\/uploads\/2023\/06\/linemakeup-massage-californien-formation-esthetique-en-ligne-150x150.png\" class=\"attachment-thumbnail size-thumbnail\" alt=\"\" srcset=\"https:\/\/linemakeup.com\/wp-content\/uploads\/2023\/06\/linemakeup-massage-californien-formation-esthetique-en-ligne-150x150.png 150w, https:\/\/linemakeup.com\/wp-content\/uploads\/2023\/06\/linemakeup-massage-californien-formation-esthetique-en-ligne-300x300.png 300w, https:\/\/linemakeup.com\/wp-content\/uploads\/2023\/06\/linemakeup-massage-californien-formation-esthetique-en-ligne-100x100.png 100w\" sizes=\"auto, (max-width: 150px) 100vw, 150px\" \/>\n\t\t\t<\/div><\/figure><figure class='gallery-item'>\n\t\t\t<div class='gallery-icon portrait'>\n\t\t\t\t<img loading=\"lazy\" decoding=\"async\" width=\"150\" height=\"150\" src=\"https:\/\/linemakeup.com\/wp-content\/uploads\/2023\/06\/linemakeup-onglerie-gel-capsul-formation-esthetique-en-ligne-150x150.png\" class=\"attachment-thumbnail size-thumbnail\" alt=\"\" srcset=\"https:\/\/linemakeup.com\/wp-content\/uploads\/2023\/06\/linemakeup-onglerie-gel-capsul-formation-esthetique-en-ligne-150x150.png 150w, https:\/\/linemakeup.com\/wp-content\/uploads\/2023\/06\/linemakeup-onglerie-gel-capsul-formation-esthetique-en-ligne-300x300.png 300w, https:\/\/linemakeup.com\/wp-content\/uploads\/2023\/06\/linemakeup-onglerie-gel-capsul-formation-esthetique-en-ligne-100x100.png 100w\" sizes=\"auto, (max-width: 150px) 100vw, 150px\" \/>\n\t\t\t<\/div><\/figure><figure class='gallery-item'>\n\t\t\t<div class='gallery-icon portrait'>\n\t\t\t\t<img loading=\"lazy\" decoding=\"async\" width=\"150\" height=\"150\" src=\"https:\/\/linemakeup.com\/wp-content\/uploads\/2023\/06\/linemakeup-onglerie-gel-chablon-formation-esthetique-en-ligne-150x150.png\" class=\"attachment-thumbnail size-thumbnail\" alt=\"\" srcset=\"https:\/\/linemakeup.com\/wp-content\/uploads\/2023\/06\/linemakeup-onglerie-gel-chablon-formation-esthetique-en-ligne-150x150.png 150w, https:\/\/linemakeup.com\/wp-content\/uploads\/2023\/06\/linemakeup-onglerie-gel-chablon-formation-esthetique-en-ligne-300x300.png 300w, https:\/\/linemakeup.com\/wp-content\/uploads\/2023\/06\/linemakeup-onglerie-gel-chablon-formation-esthetique-en-ligne-100x100.png 100w\" sizes=\"auto, (max-width: 150px) 100vw, 150px\" \/>\n\t\t\t<\/div><\/figure><figure class='gallery-item'>\n\t\t\t<div class='gallery-icon portrait'>\n\t\t\t\t<img loading=\"lazy\" decoding=\"async\" width=\"150\" height=\"150\" src=\"https:\/\/linemakeup.com\/wp-content\/uploads\/2023\/06\/linemakeup-onglerie-semi-permanent-formation-esthetique-en-ligne-150x150.png\" class=\"attachment-thumbnail size-thumbnail\" alt=\"\" srcset=\"https:\/\/linemakeup.com\/wp-content\/uploads\/2023\/06\/linemakeup-onglerie-semi-permanent-formation-esthetique-en-ligne-150x150.png 150w, https:\/\/linemakeup.com\/wp-content\/uploads\/2023\/06\/linemakeup-onglerie-semi-permanent-formation-esthetique-en-ligne-300x300.png 300w, https:\/\/linemakeup.com\/wp-content\/uploads\/2023\/06\/linemakeup-onglerie-semi-permanent-formation-esthetique-en-ligne-100x100.png 100w\" sizes=\"auto, (max-width: 150px) 100vw, 150px\" \/>\n\t\t\t<\/div><\/figure>\n\t\t<\/div>\n\n<p style=\"text-align: center;\">","protected":false},"excerpt":{"rendered":"<p>Prix r\u00e9serv\u00e9 aux 18-21 ans D\u00e9posez votre pi\u00e8ce d&#8217;id\u00e9ntit\u00e9\u00a0et passez la commande pour b\u00e9n\u00e9ficier de votre r\u00e9duction. Nous proc\u00e9dons \u00e0 la v\u00e9rification de vos donn\u00e9es.\u00a0Apr\u00e8s validation, une notification par mail vous sera envoy\u00e9e sous 12 \u00e0 24 heures. Avec le Pack des Formations Linemakeup, pendant 12\u00a0mois, vous avez la possibilit\u00e9 de regarder autant de vid\u00e9os\u00a0que&#8230;<\/p>","protected":false},"featured_media":29067,"template":"","meta":{"_seopress_robots_primary_cat":"","_seopress_titles_title":"","_seopress_titles_desc":"","_seopress_robots_index":"","_coblocks_attr":"","_coblocks_dimensions":"","_coblocks_responsive_height":"","_coblocks_accordion_ie_support":"","_eb_attr":"","_kad_post_transparent":"default","_kad_post_title":"","_kad_post_layout":"default","_kad_post_sidebar_id":"","_kad_post_content_style":"default","_kad_post_vertical_padding":"default","_kad_post_feature":"","_kad_post_feature_position":"","_kad_post_header":false,"_kad_post_footer":false,"_kad_post_classname":"","_jet_sm_ready_style":"","_jet_sm_style":"","_jet_sm_controls_values":"","_jet_sm_fonts_collection":"","_jet_sm_fonts_links":""},"product_brand":[],"product_cat":[63],"product_tag":[],"class_list":{"0":"post-28773","1":"product","2":"type-product","3":"status-publish","4":"has-post-thumbnail","6":"product_cat-18-21-ans","8":"first","9":"instock","10":"sale","11":"virtual","12":"sold-individually","13":"purchasable","14":"product-type-simple","15":"entry","16":"content-bg","17":"loop-entry"},"_links":{"self":[{"href":"https:\/\/linemakeup.com\/en\/wp-json\/wp\/v2\/product\/28773","targetHints":{"allow":["GET"]}}],"collection":[{"href":"https:\/\/linemakeup.com\/en\/wp-json\/wp\/v2\/product"}],"about":[{"href":"https:\/\/linemakeup.com\/en\/wp-json\/wp\/v2\/types\/product"}],"wp:featuredmedia":[{"embeddable":true,"href":"https:\/\/linemakeup.com\/en\/wp-json\/wp\/v2\/media\/29067"}],"wp:attachment":[{"href":"https:\/\/linemakeup.com\/en\/wp-json\/wp\/v2\/media?parent=28773"}],"wp:term":[{"taxonomy":"product_brand","embeddable":true,"href":"https:\/\/linemakeup.com\/en\/wp-json\/wp\/v2\/product_brand?post=28773"},{"taxonomy":"product_cat","embeddable":true,"href":"https:\/\/linemakeup.com\/en\/wp-json\/wp\/v2\/product_cat?post=28773"},{"taxonomy":"product_tag","embeddable":true,"href":"https:\/\/linemakeup.com\/en\/wp-json\/wp\/v2\/product_tag?post=28773"}],"curies":[{"name":"wp","href":"https:\/\/api.w.org\/{rel}","templated":true}]}}