{"id":30592,"date":"2024-01-20T11:14:26","date_gmt":"2024-01-20T10:14:26","guid":{"rendered":"https:\/\/linemakeup.com\/?post_type=product&#038;p=30592"},"modified":"2026-02-04T15:17:36","modified_gmt":"2026-02-04T14:17:36","slug":"ext","status":"publish","type":"product","link":"https:\/\/linemakeup.com\/en\/product\/ext\/","title":{"rendered":"Pack Formations Extensions de cils"},"content":{"rendered":"<p><span style=\"font-weight: 400;\">Ce Pack contient les Formations :<br \/>\n<\/span><span style=\"font-weight: 400;\"><br \/>\n<\/span><span style=\"font-weight: 400;\">1. Le Cil \u00e0 cil<\/span><span style=\"font-weight: 400;\"><br \/>\n<\/span><span style=\"font-weight: 400;\">2. Le Volume Russe<br \/>\n3. Le Rehaussement de cils<\/span><span style=\"font-family: var(--global-body-font-family);\"><br \/>\n<\/span><\/p>\n<p><span style=\"font-weight: 400;\">Formations Certifiantes : Oui<br \/>\nDur\u00e9e : 14h00<br \/>\nNombre de le\u00e7ons : 8<\/span><\/p>\n<p>Obtention du Certificat en ligne.<\/p>\n<p>Le Pack<span style=\"font-weight: 400;\"> Eyelash Extensions <\/span>KIT inclus contient les Formations + le Kit :<\/p>\n<p><span style=\"font-family: var(--global-body-font-family);\">1x Colle<br \/>\n<\/span><span style=\"font-family: var(--global-body-font-family);\">1x Remover<br \/>\n<\/span><span style=\"font-family: var(--global-body-font-family);\">1x Primer<br \/>\n<\/span><span style=\"font-family: var(--global-body-font-family);\">1x Bo\u00eete de cils d&#8217;entrainement<br \/>\n<\/span><span style=\"font-family: var(--global-body-font-family);\">1x Souffleur<br \/>\n<\/span><span style=\"font-family: var(--global-body-font-family);\">1x Lot de deux pinces extension de cils<br \/>\n<\/span><span style=\"font-family: var(--global-body-font-family);\">5x Boites d\u2019extensions de cils :<br \/>\n<\/span><span style=\"font-family: var(--global-body-font-family);\">(0.15C -&gt;1 boite 3 tailles 8\/9\/10 et 1 boite 3 tailles 11\/12\/13)<br \/>\n<\/span><span style=\"font-family: var(--global-body-font-family);\">(0.20C -&gt; 1 boite 3 tailles 8\/9\/10 et 1 boite 3 tailles 11\/12\/13)<br \/>\n<\/span><span style=\"font-family: var(--global-body-font-family);\">(0.25C -&gt; Mix synth\u00e9tiques)<br \/>\n<\/span><span style=\"font-family: var(--global-body-font-family);\">20x Goupillons brosse<br \/>\n<\/span><span style=\"font-family: var(--global-body-font-family);\">2x Rouleaux de sparadrap m\u00e9dical<br \/>\n<\/span><span style=\"font-family: var(--global-body-font-family);\">10x Paires de patchs<br \/>\n<\/span><span style=\"font-family: var(--global-body-font-family);\">20x Bagues \u00e0 colle<br \/>\n<\/span><span style=\"font-family: var(--global-body-font-family);\">1x Pierre de jade<br \/>\n<\/span><span style=\"font-family: var(--global-body-font-family);\">1x Lotion permanente<br \/>\n<\/span><span style=\"font-family: var(--global-body-font-family);\">1x Lotion fixatrice<br \/>\n<\/span><span style=\"font-family: var(--global-body-font-family);\">1x Lotion nourrissante<br \/>\n<\/span><span style=\"font-family: var(--global-body-font-family);\">1x Lotion nettoyante<br \/>\n<\/span><span style=\"font-family: var(--global-body-font-family);\">1x Tube de colle<br \/>\n<\/span><span style=\"font-family: var(--global-body-font-family);\">5x Paires de Pads en silicone<br \/>\n<\/span><span style=\"font-family: var(--global-body-font-family);\">1x Paire de Pads en silicone taille S<br \/>\n<\/span><span style=\"font-family: var(--global-body-font-family);\">3x Paire de Pads en silicone taille M<br \/>\n<\/span><span style=\"font-family: var(--global-body-font-family);\">1x Paire de Pads en silicone taille L<\/span><\/p>","protected":false},"excerpt":{"rendered":"<p>Ce Pack contient les Formations : 1. Le Cil \u00e0 cil 2. Le Volume Russe 3. Le Rehaussement de cils Formations Certifiantes : Oui Dur\u00e9e : 14h00 Nombre de le\u00e7ons : 8 Obtention du Certificat en ligne. Le Pack Extensions de cils KIT inclus contient les Formations + le Kit : 1x Colle 1x Remover&#8230;<\/p>","protected":false},"featured_media":34085,"template":"","meta":{"_seopress_robots_primary_cat":"none","_seopress_titles_title":"","_seopress_titles_desc":"","_seopress_robots_index":"","_coblocks_attr":"","_coblocks_dimensions":"","_coblocks_responsive_height":"","_coblocks_accordion_ie_support":"","_eb_attr":"","_kad_post_transparent":"default","_kad_post_title":"","_kad_post_layout":"default","_kad_post_sidebar_id":"","_kad_post_content_style":"default","_kad_post_vertical_padding":"default","_kad_post_feature":"","_kad_post_feature_position":"","_kad_post_header":false,"_kad_post_footer":false,"_kad_post_classname":"","_jet_sm_ready_style":"","_jet_sm_style":"","_jet_sm_controls_values":"","_jet_sm_fonts_collection":"","_jet_sm_fonts_links":""},"product_brand":[],"product_cat":[21],"product_tag":[],"class_list":{"0":"post-30592","1":"product","2":"type-product","3":"status-publish","4":"has-post-thumbnail","6":"product_cat-packs","8":"first","9":"instock","10":"sale","11":"shipping-taxable","12":"purchasable","13":"product-type-variable","14":"entry","15":"content-bg","16":"loop-entry"},"_links":{"self":[{"href":"https:\/\/linemakeup.com\/en\/wp-json\/wp\/v2\/product\/30592","targetHints":{"allow":["GET"]}}],"collection":[{"href":"https:\/\/linemakeup.com\/en\/wp-json\/wp\/v2\/product"}],"about":[{"href":"https:\/\/linemakeup.com\/en\/wp-json\/wp\/v2\/types\/product"}],"wp:featuredmedia":[{"embeddable":true,"href":"https:\/\/linemakeup.com\/en\/wp-json\/wp\/v2\/media\/34085"}],"wp:attachment":[{"href":"https:\/\/linemakeup.com\/en\/wp-json\/wp\/v2\/media?parent=30592"}],"wp:term":[{"taxonomy":"product_brand","embeddable":true,"href":"https:\/\/linemakeup.com\/en\/wp-json\/wp\/v2\/product_brand?post=30592"},{"taxonomy":"product_cat","embeddable":true,"href":"https:\/\/linemakeup.com\/en\/wp-json\/wp\/v2\/product_cat?post=30592"},{"taxonomy":"product_tag","embeddable":true,"href":"https:\/\/linemakeup.com\/en\/wp-json\/wp\/v2\/product_tag?post=30592"}],"curies":[{"name":"wp","href":"https:\/\/api.w.org\/{rel}","templated":true}]}}