{"id":30596,"date":"2024-01-20T11:27:04","date_gmt":"2024-01-20T10:27:04","guid":{"rendered":"https:\/\/linemakeup.com\/?post_type=product&#038;p=30596"},"modified":"2024-06-15T21:27:16","modified_gmt":"2024-06-15T19:27:16","slug":"soins-bien-etre","status":"publish","type":"product","link":"https:\/\/linemakeup.com\/en\/product\/soins-bien-etre\/","title":{"rendered":"Pack Formations Soins &#038; Bien-\u00eatre"},"content":{"rendered":"<p><span style=\"font-weight: 400;\">Ce Pack contient les Formations :<br \/>\n<\/span><span style=\"font-weight: 400;\"><br \/>\n<\/span><span style=\"font-weight: 400;\">1. Le Brow Lift<\/span><span style=\"font-weight: 400;\"><br \/>\n<\/span><span style=\"font-weight: 400;\">2. Le Blanchiment dentaire<br \/>\n3. La Plasma Lift<br \/>\n<\/span><span style=\"font-family: var(--global-body-font-family);\">4. Le Lifting colombien<br \/>\n<\/span><span style=\"font-family: var(--global-body-font-family);\">5. Le Massage californien<br \/>\n<\/span><span style=\"font-family: var(--global-body-font-family);\">6. Le Microneedling<br \/>\n<\/span><span style=\"font-family: var(--global-body-font-family);\">7. Le BabyGlow<br \/>\n<\/span><\/p>\n<p><span style=\"font-weight: 400;\">Formations Certifiantes : Oui<br \/>\nDur\u00e9e : 20h00<br \/>\nNombre de le\u00e7ons : 23<\/span><\/p>\n<p>Obtention du Certificat en ligne.<\/p>\n<p>Le Pack<span style=\"font-weight: 400;\"> Skin Care &amp; Wellness<\/span>\u00a0KIT inclus contient les Formations + le Kit :<\/p>","protected":false},"excerpt":{"rendered":"<p>Ce Pack contient les Formations : 1. Le Brow Lift 2. Le Blanchiment dentaire 3. La Plasma Lift 4. Le Lifting colombien 5. Le Massage californien 6. Le Microneedling 7. Le BabyGlow Formations Certifiantes : Oui Dur\u00e9e : 20h00 Nombre de le\u00e7ons : 23 Obtention du Certificat en ligne. Le Pack Soins &amp; Bien-\u00eatre\u00a0KIT inclus&#8230;<\/p>","protected":false},"featured_media":34088,"template":"","meta":{"_seopress_robots_primary_cat":"","_seopress_titles_title":"","_seopress_titles_desc":"","_seopress_robots_index":"","_coblocks_attr":"","_coblocks_dimensions":"","_coblocks_responsive_height":"","_coblocks_accordion_ie_support":"","_eb_attr":"","_kad_post_transparent":"default","_kad_post_title":"","_kad_post_layout":"default","_kad_post_sidebar_id":"","_kad_post_content_style":"default","_kad_post_vertical_padding":"default","_kad_post_feature":"","_kad_post_feature_position":"","_kad_post_header":false,"_kad_post_footer":false,"_kad_post_classname":"","_jet_sm_ready_style":"","_jet_sm_style":"","_jet_sm_controls_values":"","_jet_sm_fonts_collection":"","_jet_sm_fonts_links":""},"product_brand":[],"product_cat":[21],"product_tag":[],"class_list":{"0":"post-30596","1":"product","2":"type-product","3":"status-publish","4":"has-post-thumbnail","6":"product_cat-packs","8":"first","9":"instock","10":"sale","11":"shipping-taxable","12":"purchasable","13":"product-type-variable","14":"entry","15":"content-bg","16":"loop-entry"},"_links":{"self":[{"href":"https:\/\/linemakeup.com\/en\/wp-json\/wp\/v2\/product\/30596","targetHints":{"allow":["GET"]}}],"collection":[{"href":"https:\/\/linemakeup.com\/en\/wp-json\/wp\/v2\/product"}],"about":[{"href":"https:\/\/linemakeup.com\/en\/wp-json\/wp\/v2\/types\/product"}],"wp:featuredmedia":[{"embeddable":true,"href":"https:\/\/linemakeup.com\/en\/wp-json\/wp\/v2\/media\/34088"}],"wp:attachment":[{"href":"https:\/\/linemakeup.com\/en\/wp-json\/wp\/v2\/media?parent=30596"}],"wp:term":[{"taxonomy":"product_brand","embeddable":true,"href":"https:\/\/linemakeup.com\/en\/wp-json\/wp\/v2\/product_brand?post=30596"},{"taxonomy":"product_cat","embeddable":true,"href":"https:\/\/linemakeup.com\/en\/wp-json\/wp\/v2\/product_cat?post=30596"},{"taxonomy":"product_tag","embeddable":true,"href":"https:\/\/linemakeup.com\/en\/wp-json\/wp\/v2\/product_tag?post=30596"}],"curies":[{"name":"wp","href":"https:\/\/api.w.org\/{rel}","templated":true}]}}