{"id":31208,"date":"2023-08-27T13:48:35","date_gmt":"2023-08-27T11:48:35","guid":{"rendered":"https:\/\/linemakeup.com\/produit\/kit-eye-liner\/"},"modified":"2024-06-14T21:23:36","modified_gmt":"2024-06-14T19:23:36","slug":"kit-eye-liner","status":"publish","type":"product","link":"https:\/\/linemakeup.com\/en\/product\/kit-eye-liner\/","title":{"rendered":"Kit Eye-Liner"},"content":{"rendered":"<p style=\"text-align: center;\"><strong>Kit items :<\/strong><\/p>\n<p style=\"text-align: center;\">PMU Machine DERMA x1<br \/>\nAiguilles DERMA x20<br \/>\nCrayon trac\u00e9 eye-liner x1<br \/>\nBagues \u00e0 cupules x30<br \/>\nMicrobrossettes x30<br \/>\nPeaux synth\u00e9tiques x 2<br \/>\nPigment EMIRE by Linemakeup Black 10 ml x1<br \/>\nPigment EMIRE by Linemakeup Chocolat 10 ml x1<\/p>","protected":false},"excerpt":{"rendered":"<p>Liste des produits du Kit: Dermographe DERMA x1 Aiguilles DERMA x20 Crayon trac\u00e9 eye-liner x1 Bagues \u00e0 cupules x30 Microbrossettes x30 Peaux synth\u00e9tiques x 2 Pigment EMIRE by Linemakeup Black 10 ml x1 Pigment EMIRE by Linemakeup Chocolat 10 ml x1<\/p>","protected":false},"featured_media":34245,"template":"","meta":{"_seopress_robots_primary_cat":"","_seopress_titles_title":"","_seopress_titles_desc":"","_seopress_robots_index":"","_coblocks_attr":"","_coblocks_dimensions":"","_coblocks_responsive_height":"","_coblocks_accordion_ie_support":"","_eb_attr":"","_kad_post_transparent":"default","_kad_post_title":"","_kad_post_layout":"default","_kad_post_sidebar_id":"","_kad_post_content_style":"default","_kad_post_vertical_padding":"default","_kad_post_feature":"","_kad_post_feature_position":"","_kad_post_header":false,"_kad_post_footer":false,"_kad_post_classname":"","_jet_sm_ready_style":"","_jet_sm_style":"","_jet_sm_controls_values":"","_jet_sm_fonts_collection":"","_jet_sm_fonts_links":""},"product_brand":[],"product_cat":[27],"product_tag":[],"class_list":{"0":"post-31208","1":"product","2":"type-product","3":"status-publish","4":"has-post-thumbnail","6":"product_cat-kits","8":"first","9":"instock","10":"shipping-taxable","11":"purchasable","12":"product-type-simple","13":"entry","14":"content-bg","15":"loop-entry"},"_links":{"self":[{"href":"https:\/\/linemakeup.com\/en\/wp-json\/wp\/v2\/product\/31208","targetHints":{"allow":["GET"]}}],"collection":[{"href":"https:\/\/linemakeup.com\/en\/wp-json\/wp\/v2\/product"}],"about":[{"href":"https:\/\/linemakeup.com\/en\/wp-json\/wp\/v2\/types\/product"}],"wp:featuredmedia":[{"embeddable":true,"href":"https:\/\/linemakeup.com\/en\/wp-json\/wp\/v2\/media\/34245"}],"wp:attachment":[{"href":"https:\/\/linemakeup.com\/en\/wp-json\/wp\/v2\/media?parent=31208"}],"wp:term":[{"taxonomy":"product_brand","embeddable":true,"href":"https:\/\/linemakeup.com\/en\/wp-json\/wp\/v2\/product_brand?post=31208"},{"taxonomy":"product_cat","embeddable":true,"href":"https:\/\/linemakeup.com\/en\/wp-json\/wp\/v2\/product_cat?post=31208"},{"taxonomy":"product_tag","embeddable":true,"href":"https:\/\/linemakeup.com\/en\/wp-json\/wp\/v2\/product_tag?post=31208"}],"curies":[{"name":"wp","href":"https:\/\/api.w.org\/{rel}","templated":true}]}}