{"id":34240,"date":"2024-03-02T09:52:55","date_gmt":"2024-03-02T08:52:55","guid":{"rendered":"https:\/\/linemakeup.com\/?post_type=product&#038;p=34240"},"modified":"2024-06-05T17:00:42","modified_gmt":"2024-06-05T15:00:42","slug":"kit-vernis","status":"publish","type":"product","link":"https:\/\/linemakeup.com\/en\/product\/kit-vernis\/","title":{"rendered":"Kit Vernis semi-permanent"},"content":{"rendered":"<p style=\"text-align: center;\"><strong>Liste des produits du Kit Vernis semi-permanent :<\/strong><\/p>\n<div id=\"description\" class=\"data item content\" style=\"text-align: center;\" role=\"tabpanel\" aria-labelledby=\"tab-label-description\" data-role=\"content\" aria-hidden=\"false\">\n<div class=\"product attribute description\">\n<div class=\"value\">\n<p>1x Lampe UV\/LED<br \/>\n6x VSP color\u00e9s<span class=\"Apple-converted-space\"><br \/>\n<\/span>1x Gel Base<span class=\"Apple-converted-space\"><br \/>\n<\/span>1x Top Coat<span class=\"Apple-converted-space\"><br \/>\n<\/span>1x Primer<span class=\"Apple-converted-space\"><br \/>\n<\/span>1x Huile de cuticules<span class=\"Apple-converted-space\"><br \/>\n<\/span>1x Cleaner<span class=\"Apple-converted-space\"><br \/>\n<\/span>1x Dissolvant ac\u00e9tone<span class=\"Apple-converted-space\"><br \/>\n<\/span>2x Limes<span class=\"Apple-converted-space\"><br \/>\n<\/span>1x Bloc polissoir<span class=\"Apple-converted-space\"><br \/>\n<\/span>5x Pinces \u00e0 d\u00e9pose<br \/>\n1x Repousse cuticules<span class=\"Apple-converted-space\"><br \/>\n<\/span>1x Brosse d\u00e9poussi\u00e9rante<br \/>\n1x Coupe cuticules en plastique<\/p>\n<\/div>\n<\/div>\n<\/div>\n<div id=\"tab-label-ingredient\" class=\"data item title\" style=\"text-align: center;\" tabindex=\"0\" role=\"tab\" data-role=\"collapsible\" data-collapsible=\"true\" aria-controls=\"ingredient\" aria-selected=\"false\" aria-expanded=\"false\"><\/div>\n<p style=\"text-align: center;\">","protected":false},"excerpt":{"rendered":"<p>Liste des produits du Kit Vernis semi-permanent : 1x Lampe UV\/LED 6x VSP color\u00e9s 1x Gel Base 1x Top Coat 1x Primer 1x Huile de cuticules 1x Cleaner 1x Dissolvant ac\u00e9tone 2x Limes 1x Bloc polissoir 5x Pinces \u00e0 d\u00e9pose 1x Repousse cuticules 1x Brosse d\u00e9poussi\u00e9rante 1x Coupe cuticules en plastique<\/p>","protected":false},"featured_media":34253,"template":"","meta":{"_seopress_robots_primary_cat":"","_seopress_titles_title":"","_seopress_titles_desc":"","_seopress_robots_index":"","_coblocks_attr":"","_coblocks_dimensions":"","_coblocks_responsive_height":"","_coblocks_accordion_ie_support":"","_eb_attr":"","_kad_post_transparent":"default","_kad_post_title":"","_kad_post_layout":"default","_kad_post_sidebar_id":"","_kad_post_content_style":"default","_kad_post_vertical_padding":"default","_kad_post_feature":"","_kad_post_feature_position":"","_kad_post_header":false,"_kad_post_footer":false,"_kad_post_classname":"","_jet_sm_ready_style":"","_jet_sm_style":"","_jet_sm_controls_values":"","_jet_sm_fonts_collection":"","_jet_sm_fonts_links":""},"product_brand":[],"product_cat":[27],"product_tag":[],"class_list":{"0":"post-34240","1":"product","2":"type-product","3":"status-publish","4":"has-post-thumbnail","6":"product_cat-kits","8":"first","9":"instock","10":"shipping-taxable","11":"purchasable","12":"product-type-simple","13":"entry","14":"content-bg","15":"loop-entry"},"_links":{"self":[{"href":"https:\/\/linemakeup.com\/en\/wp-json\/wp\/v2\/product\/34240","targetHints":{"allow":["GET"]}}],"collection":[{"href":"https:\/\/linemakeup.com\/en\/wp-json\/wp\/v2\/product"}],"about":[{"href":"https:\/\/linemakeup.com\/en\/wp-json\/wp\/v2\/types\/product"}],"wp:featuredmedia":[{"embeddable":true,"href":"https:\/\/linemakeup.com\/en\/wp-json\/wp\/v2\/media\/34253"}],"wp:attachment":[{"href":"https:\/\/linemakeup.com\/en\/wp-json\/wp\/v2\/media?parent=34240"}],"wp:term":[{"taxonomy":"product_brand","embeddable":true,"href":"https:\/\/linemakeup.com\/en\/wp-json\/wp\/v2\/product_brand?post=34240"},{"taxonomy":"product_cat","embeddable":true,"href":"https:\/\/linemakeup.com\/en\/wp-json\/wp\/v2\/product_cat?post=34240"},{"taxonomy":"product_tag","embeddable":true,"href":"https:\/\/linemakeup.com\/en\/wp-json\/wp\/v2\/product_tag?post=34240"}],"curies":[{"name":"wp","href":"https:\/\/api.w.org\/{rel}","templated":true}]}}