{"id":34241,"date":"2024-03-02T09:54:19","date_gmt":"2024-03-02T08:54:19","guid":{"rendered":"https:\/\/linemakeup.com\/?post_type=product&#038;p=34241"},"modified":"2024-06-05T17:09:03","modified_gmt":"2024-06-05T15:09:03","slug":"kit-extensions-de-cils-volume-russe","status":"publish","type":"product","link":"https:\/\/linemakeup.com\/en\/product\/kit-extensions-de-cils-volume-russe\/","title":{"rendered":"Kit Extensions de cils &#8220;Volume Russe&#8221;"},"content":{"rendered":"<div style=\"text-align: center;\"><strong>KIT Extension de cils Volume Russe<\/strong><\/div>\n<div><\/div>\n<div style=\"text-align: center;\">\n<div id=\"product-description-short-17\" class=\"product-description-fp\">\n<p>1x Colle<br \/>\n1x Remover<strong><br \/>\n<\/strong>1x Primer<br \/>\n1x Souffleur<br \/>\n1x Pince droite<br \/>\n1x Pince L<br \/>\n10x Paires de patchs<br \/>\n1x Bo\u00eete de cils d\u2019entra\u00eenement<br \/>\n20x Bagues \u00e0 colle<br \/>\n10x Goupillons brosse<br \/>\n1x Rouleaux de sparadrap<br \/>\n1x Bo\u00eete Bouquets Volume Russe 9mm<br \/>\n1x Bo\u00eete Bouquets Volume Russe 10mm<br \/>\n1x Bo\u00eete Bouquets Volume Russe 11mm<br \/>\n1x Bo\u00eete Bouquets Volume Russe 12mm<br \/>\n1x Bo\u00eete Bouquets Volume Russe 13mm<br \/>\n1x Bo\u00eete Bouquets Volume Russe 14mm<\/p>\n<\/div>\n<\/div>","protected":false},"excerpt":{"rendered":"<p>KIT Extension de cils Volume Russe 1x Colle 1x Remover 1x Primer 1x Souffleur 1x Pince droite 1x Pince L 10x Paires de patchs 1x Bo\u00eete de cils d\u2019entra\u00eenement 20x Bagues \u00e0 colle 10x Goupillons brosse 1x Rouleaux de sparadrap 1x Bo\u00eete Bouquets Volume Russe 9mm 1x Bo\u00eete Bouquets Volume Russe 10mm 1x Bo\u00eete Bouquets&#8230;<\/p>","protected":false},"featured_media":34184,"template":"","meta":{"_seopress_robots_primary_cat":"","_seopress_titles_title":"","_seopress_titles_desc":"","_seopress_robots_index":"","_coblocks_attr":"","_coblocks_dimensions":"","_coblocks_responsive_height":"","_coblocks_accordion_ie_support":"","_eb_attr":"","_kad_post_transparent":"default","_kad_post_title":"","_kad_post_layout":"default","_kad_post_sidebar_id":"","_kad_post_content_style":"default","_kad_post_vertical_padding":"default","_kad_post_feature":"","_kad_post_feature_position":"","_kad_post_header":false,"_kad_post_footer":false,"_kad_post_classname":"","_jet_sm_ready_style":"","_jet_sm_style":"","_jet_sm_controls_values":"","_jet_sm_fonts_collection":"","_jet_sm_fonts_links":""},"product_brand":[],"product_cat":[27],"product_tag":[],"class_list":{"0":"post-34241","1":"product","2":"type-product","3":"status-publish","4":"has-post-thumbnail","6":"product_cat-kits","8":"first","9":"instock","10":"shipping-taxable","11":"purchasable","12":"product-type-simple","13":"entry","14":"content-bg","15":"loop-entry"},"_links":{"self":[{"href":"https:\/\/linemakeup.com\/en\/wp-json\/wp\/v2\/product\/34241","targetHints":{"allow":["GET"]}}],"collection":[{"href":"https:\/\/linemakeup.com\/en\/wp-json\/wp\/v2\/product"}],"about":[{"href":"https:\/\/linemakeup.com\/en\/wp-json\/wp\/v2\/types\/product"}],"wp:featuredmedia":[{"embeddable":true,"href":"https:\/\/linemakeup.com\/en\/wp-json\/wp\/v2\/media\/34184"}],"wp:attachment":[{"href":"https:\/\/linemakeup.com\/en\/wp-json\/wp\/v2\/media?parent=34241"}],"wp:term":[{"taxonomy":"product_brand","embeddable":true,"href":"https:\/\/linemakeup.com\/en\/wp-json\/wp\/v2\/product_brand?post=34241"},{"taxonomy":"product_cat","embeddable":true,"href":"https:\/\/linemakeup.com\/en\/wp-json\/wp\/v2\/product_cat?post=34241"},{"taxonomy":"product_tag","embeddable":true,"href":"https:\/\/linemakeup.com\/en\/wp-json\/wp\/v2\/product_tag?post=34241"}],"curies":[{"name":"wp","href":"https:\/\/api.w.org\/{rel}","templated":true}]}}