{"id":34251,"date":"2024-03-02T09:57:47","date_gmt":"2024-03-02T08:57:47","guid":{"rendered":"https:\/\/linemakeup.com\/?post_type=product&#038;p=34251"},"modified":"2024-07-21T10:53:57","modified_gmt":"2024-07-21T08:53:57","slug":"kit-gel-capsules","status":"publish","type":"product","link":"https:\/\/linemakeup.com\/en\/product\/kit-gel-capsules\/","title":{"rendered":"Kit Gel Capsules"},"content":{"rendered":"<p style=\"text-align: center;\"><strong>Kit Gel Capsules<\/strong><\/p>\n<div id=\"description\" class=\"data item content\" role=\"tabpanel\" aria-labelledby=\"tab-label-description\" data-role=\"content\" aria-hidden=\"false\">\n<div class=\"product attribute description\">\n<div class=\"value\">\n<p style=\"text-align: center;\">1x Lampe UV\/LED<br \/>\n<span style=\"font-family: var(--global-body-font-family);\">1x Ponceuse \u00e0 ongles<br \/>\n<\/span>1x Gel UV\/LED de Base (gel d&#8217;adh\u00e9rence)<br \/>\n1x Gel UV\/LED de Construction (gel de modelage)<br \/>\n1x Gel UV\/LED de Finition<br \/>\n3x Gel UV\/LED diff\u00e9rentes Couleurs<br \/>\n1x Primer<br \/>\n1x Cleaner<br \/>\n1x Huile de Cuticules<br \/>\n1x Colle \u00e0 capsules<br \/>\n1x Bo\u00eete de Capsules Faux Ongles<span style=\"font-family: var(--global-body-font-family);\"><br \/>\n<\/span><span style=\"font-family: var(--global-body-font-family);\">2x Pinceaux pour Gel<br \/>\n1x Pince guillotine m\u00e9tallique<br \/>\n<\/span><span style=\"font-family: var(--global-body-font-family);\">2x Limes \u00e0 Grain dur et doux<br \/>\n<\/span><span style=\"font-family: var(--global-body-font-family);\">1x Bloc Polissoir Double face<br \/>\n<\/span>1x Coupe Cuticule<br \/>\n1x Repousse Cuticule<br \/>\n1x Lot Chablons<br \/>\n1x Brosse D\u00e9poussi\u00e9rante<\/p>\n<\/div>\n<\/div>\n<\/div>\n<div id=\"description\" class=\"data item content\" role=\"tabpanel\" aria-labelledby=\"tab-label-description\" data-role=\"content\" aria-hidden=\"false\">\n<div class=\"product attribute description\">\n<div class=\"value\">\n<p style=\"text-align: center;\">\n<\/div>\n<\/div>\n<\/div>\n<div id=\"tab-label-ingredient\" class=\"data item title\" tabindex=\"0\" role=\"tab\" data-role=\"collapsible\" data-collapsible=\"true\" aria-controls=\"ingredient\" aria-selected=\"false\" aria-expanded=\"false\"><\/div>\n<p style=\"text-align: center;\">","protected":false},"excerpt":{"rendered":"<p>Kit Gel Capsules 1x Lampe UV\/LED 1x Ponceuse \u00e0 ongles 1x Gel UV\/LED de Base (gel d&#8217;adh\u00e9rence) 1x Gel UV\/LED de Construction (gel de modelage) 1x Gel UV\/LED de Finition 3x Gel UV\/LED diff\u00e9rentes Couleurs 1x Primer 1x Cleaner 1x Huile de Cuticules 1x Colle \u00e0 capsules 1x Bo\u00eete de Capsules Faux Ongles 2x Pinceaux&#8230;<\/p>","protected":false},"featured_media":34254,"template":"","meta":{"_seopress_robots_primary_cat":"none","_seopress_titles_title":"","_seopress_titles_desc":"","_seopress_robots_index":"","_coblocks_attr":"","_coblocks_dimensions":"","_coblocks_responsive_height":"","_coblocks_accordion_ie_support":"","_eb_attr":"","_kad_post_transparent":"default","_kad_post_title":"","_kad_post_layout":"default","_kad_post_sidebar_id":"","_kad_post_content_style":"default","_kad_post_vertical_padding":"default","_kad_post_feature":"","_kad_post_feature_position":"","_kad_post_header":false,"_kad_post_footer":false,"_kad_post_classname":"","_jet_sm_ready_style":"","_jet_sm_style":"","_jet_sm_controls_values":"","_jet_sm_fonts_collection":"","_jet_sm_fonts_links":""},"product_brand":[],"product_cat":[27],"product_tag":[],"class_list":{"0":"post-34251","1":"product","2":"type-product","3":"status-publish","4":"has-post-thumbnail","6":"product_cat-kits","8":"first","9":"instock","10":"shipping-taxable","11":"purchasable","12":"product-type-simple","13":"entry","14":"content-bg","15":"loop-entry"},"_links":{"self":[{"href":"https:\/\/linemakeup.com\/en\/wp-json\/wp\/v2\/product\/34251","targetHints":{"allow":["GET"]}}],"collection":[{"href":"https:\/\/linemakeup.com\/en\/wp-json\/wp\/v2\/product"}],"about":[{"href":"https:\/\/linemakeup.com\/en\/wp-json\/wp\/v2\/types\/product"}],"wp:featuredmedia":[{"embeddable":true,"href":"https:\/\/linemakeup.com\/en\/wp-json\/wp\/v2\/media\/34254"}],"wp:attachment":[{"href":"https:\/\/linemakeup.com\/en\/wp-json\/wp\/v2\/media?parent=34251"}],"wp:term":[{"taxonomy":"product_brand","embeddable":true,"href":"https:\/\/linemakeup.com\/en\/wp-json\/wp\/v2\/product_brand?post=34251"},{"taxonomy":"product_cat","embeddable":true,"href":"https:\/\/linemakeup.com\/en\/wp-json\/wp\/v2\/product_cat?post=34251"},{"taxonomy":"product_tag","embeddable":true,"href":"https:\/\/linemakeup.com\/en\/wp-json\/wp\/v2\/product_tag?post=34251"}],"curies":[{"name":"wp","href":"https:\/\/api.w.org\/{rel}","templated":true}]}}