{"id":39804,"date":"2025-02-06T08:31:39","date_gmt":"2025-02-06T07:31:39","guid":{"rendered":"https:\/\/linemakeup.com\/?post_type=product&#038;p=39804"},"modified":"2025-02-06T11:04:05","modified_gmt":"2025-02-06T10:04:05","slug":"de-3m","status":"publish","type":"product","link":"https:\/\/linemakeup.com\/en\/product\/de-3m\/","title":{"rendered":"Pack Formations Esth\u00e9tiques DE 10\u20ac"},"content":{"rendered":"<p style=\"text-align: center;\"><strong>Special price for job seekers only<\/strong><\/p>\n<p style=\"text-align: center;\"><strong>Upload your proof<br \/>\n<\/strong>of being a job seeker and order so you<br \/>\ncan to take advantage of your <strong>discount<\/strong>.<\/p>\n<p style=\"text-align: center;\">We check <strong>your<br \/>\ndata<\/strong>. After validation, a<br \/>\ne-mail notification will be send to you<br \/>\nimm\u00e9diatement.<\/p>\n<p style=\"text-align: center;\">With the Linemakeup Training Subscription,<br \/>\nfor <strong>3\u00a0mois<\/strong>, you can<br \/>\nwatch as many videos as<br \/>\nyou like, for <strong>to develop<br \/>\nyour skills\u00a0<\/strong>and keep you<br \/>\nup to date <strong>with aesthetic innovations. <\/strong><\/p>\n<div id='gallery-1' class='gallery galleryid-39804 gallery-columns-6 gallery-size-thumbnail'><figure class='gallery-item'>\n\t\t\t<div class='gallery-icon portrait'>\n\t\t\t\t<img loading=\"lazy\" decoding=\"async\" width=\"150\" height=\"150\" src=\"https:\/\/linemakeup.com\/wp-content\/uploads\/2023\/06\/linemakeup-emaquillage-permanent-microshading-formation-esthetique-en-ligne-150x150.png\" class=\"attachment-thumbnail size-thumbnail\" alt=\"\" srcset=\"https:\/\/linemakeup.com\/wp-content\/uploads\/2023\/06\/linemakeup-emaquillage-permanent-microshading-formation-esthetique-en-ligne-150x150.png 150w, https:\/\/linemakeup.com\/wp-content\/uploads\/2023\/06\/linemakeup-emaquillage-permanent-microshading-formation-esthetique-en-ligne-300x300.png 300w, https:\/\/linemakeup.com\/wp-content\/uploads\/2023\/06\/linemakeup-emaquillage-permanent-microshading-formation-esthetique-en-ligne-100x100.png 100w\" sizes=\"auto, (max-width: 150px) 100vw, 150px\" \/>\n\t\t\t<\/div><\/figure><figure class='gallery-item'>\n\t\t\t<div class='gallery-icon portrait'>\n\t\t\t\t<img loading=\"lazy\" decoding=\"async\" width=\"150\" height=\"150\" src=\"https:\/\/linemakeup.com\/wp-content\/uploads\/2023\/06\/linemakeup-maquillage-permanent-microblading-formation-esthetique-en-ligne-150x150.png\" class=\"attachment-thumbnail size-thumbnail\" alt=\"\" srcset=\"https:\/\/linemakeup.com\/wp-content\/uploads\/2023\/06\/linemakeup-maquillage-permanent-microblading-formation-esthetique-en-ligne-150x150.png 150w, https:\/\/linemakeup.com\/wp-content\/uploads\/2023\/06\/linemakeup-maquillage-permanent-microblading-formation-esthetique-en-ligne-300x300.png 300w, https:\/\/linemakeup.com\/wp-content\/uploads\/2023\/06\/linemakeup-maquillage-permanent-microblading-formation-esthetique-en-ligne-100x100.png 100w\" sizes=\"auto, (max-width: 150px) 100vw, 150px\" \/>\n\t\t\t<\/div><\/figure><figure class='gallery-item'>\n\t\t\t<div class='gallery-icon portrait'>\n\t\t\t\t<img loading=\"lazy\" decoding=\"async\" width=\"150\" height=\"150\" src=\"https:\/\/linemakeup.com\/wp-content\/uploads\/2023\/06\/linemakeup-maquillage-permanent-candy-lips-formation-esthetique-en-ligne-150x150.png\" class=\"attachment-thumbnail size-thumbnail\" alt=\"\" srcset=\"https:\/\/linemakeup.com\/wp-content\/uploads\/2023\/06\/linemakeup-maquillage-permanent-candy-lips-formation-esthetique-en-ligne-150x150.png 150w, https:\/\/linemakeup.com\/wp-content\/uploads\/2023\/06\/linemakeup-maquillage-permanent-candy-lips-formation-esthetique-en-ligne-300x300.png 300w, https:\/\/linemakeup.com\/wp-content\/uploads\/2023\/06\/linemakeup-maquillage-permanent-candy-lips-formation-esthetique-en-ligne-100x100.png 100w\" sizes=\"auto, (max-width: 150px) 100vw, 150px\" \/>\n\t\t\t<\/div><\/figure><figure class='gallery-item'>\n\t\t\t<div class='gallery-icon portrait'>\n\t\t\t\t<img loading=\"lazy\" decoding=\"async\" width=\"150\" height=\"150\" src=\"https:\/\/linemakeup.com\/wp-content\/uploads\/2023\/06\/linemakeup-maquillage-permanent-eye-liner-formation-esthetique-en-ligne-150x150.png\" class=\"attachment-thumbnail size-thumbnail\" alt=\"\" srcset=\"https:\/\/linemakeup.com\/wp-content\/uploads\/2023\/06\/linemakeup-maquillage-permanent-eye-liner-formation-esthetique-en-ligne-150x150.png 150w, https:\/\/linemakeup.com\/wp-content\/uploads\/2023\/06\/linemakeup-maquillage-permanent-eye-liner-formation-esthetique-en-ligne-300x300.png 300w, https:\/\/linemakeup.com\/wp-content\/uploads\/2023\/06\/linemakeup-maquillage-permanent-eye-liner-formation-esthetique-en-ligne-100x100.png 100w\" sizes=\"auto, (max-width: 150px) 100vw, 150px\" \/>\n\t\t\t<\/div><\/figure><figure class='gallery-item'>\n\t\t\t<div class='gallery-icon portrait'>\n\t\t\t\t<img loading=\"lazy\" decoding=\"async\" width=\"150\" height=\"150\" src=\"https:\/\/linemakeup.com\/wp-content\/uploads\/2023\/06\/linemakeup-maquillage-permanet-detatouage-formation-esthetique-en-ligne-150x150.png\" class=\"attachment-thumbnail size-thumbnail\" alt=\"\" srcset=\"https:\/\/linemakeup.com\/wp-content\/uploads\/2023\/06\/linemakeup-maquillage-permanet-detatouage-formation-esthetique-en-ligne-150x150.png 150w, https:\/\/linemakeup.com\/wp-content\/uploads\/2023\/06\/linemakeup-maquillage-permanet-detatouage-formation-esthetique-en-ligne-300x300.png 300w, https:\/\/linemakeup.com\/wp-content\/uploads\/2023\/06\/linemakeup-maquillage-permanet-detatouage-formation-esthetique-en-ligne-100x100.png 100w\" sizes=\"auto, (max-width: 150px) 100vw, 150px\" \/>\n\t\t\t<\/div><\/figure><figure class='gallery-item'>\n\t\t\t<div class='gallery-icon portrait'>\n\t\t\t\t<img loading=\"lazy\" decoding=\"async\" width=\"150\" height=\"150\" src=\"https:\/\/linemakeup.com\/wp-content\/uploads\/2023\/06\/linemakeup-microneedling-formation-esthetique-en-ligne-150x150.png\" class=\"attachment-thumbnail size-thumbnail\" alt=\"\" srcset=\"https:\/\/linemakeup.com\/wp-content\/uploads\/2023\/06\/linemakeup-microneedling-formation-esthetique-en-ligne-150x150.png 150w, https:\/\/linemakeup.com\/wp-content\/uploads\/2023\/06\/linemakeup-microneedling-formation-esthetique-en-ligne-300x300.png 300w, https:\/\/linemakeup.com\/wp-content\/uploads\/2023\/06\/linemakeup-microneedling-formation-esthetique-en-ligne-100x100.png 100w\" sizes=\"auto, (max-width: 150px) 100vw, 150px\" \/>\n\t\t\t<\/div><\/figure><figure class='gallery-item'>\n\t\t\t<div class='gallery-icon portrait'>\n\t\t\t\t<img loading=\"lazy\" decoding=\"async\" width=\"150\" height=\"150\" src=\"https:\/\/linemakeup.com\/wp-content\/uploads\/2023\/06\/linemakeup-baby-glow-formation-esthetique-en-ligne-150x150.png\" class=\"attachment-thumbnail size-thumbnail\" alt=\"\" srcset=\"https:\/\/linemakeup.com\/wp-content\/uploads\/2023\/06\/linemakeup-baby-glow-formation-esthetique-en-ligne-150x150.png 150w, https:\/\/linemakeup.com\/wp-content\/uploads\/2023\/06\/linemakeup-baby-glow-formation-esthetique-en-ligne-300x300.png 300w, https:\/\/linemakeup.com\/wp-content\/uploads\/2023\/06\/linemakeup-baby-glow-formation-esthetique-en-ligne-100x100.png 100w\" sizes=\"auto, (max-width: 150px) 100vw, 150px\" \/>\n\t\t\t<\/div><\/figure><figure class='gallery-item'>\n\t\t\t<div class='gallery-icon portrait'>\n\t\t\t\t<img loading=\"lazy\" decoding=\"async\" width=\"150\" height=\"150\" src=\"https:\/\/linemakeup.com\/wp-content\/uploads\/2023\/06\/linemakeup-plasma-lift-formation-esthetique-en-ligne-150x150.png\" class=\"attachment-thumbnail size-thumbnail\" alt=\"\" srcset=\"https:\/\/linemakeup.com\/wp-content\/uploads\/2023\/06\/linemakeup-plasma-lift-formation-esthetique-en-ligne-150x150.png 150w, https:\/\/linemakeup.com\/wp-content\/uploads\/2023\/06\/linemakeup-plasma-lift-formation-esthetique-en-ligne-300x300.png 300w, https:\/\/linemakeup.com\/wp-content\/uploads\/2023\/06\/linemakeup-plasma-lift-formation-esthetique-en-ligne-100x100.png 100w\" sizes=\"auto, (max-width: 150px) 100vw, 150px\" \/>\n\t\t\t<\/div><\/figure><figure class='gallery-item'>\n\t\t\t<div class='gallery-icon portrait'>\n\t\t\t\t<img loading=\"lazy\" decoding=\"async\" width=\"150\" height=\"150\" src=\"https:\/\/linemakeup.com\/wp-content\/uploads\/2023\/06\/linemakeup-brow-lift-formation-esthetique-en-ligne-150x150.png\" class=\"attachment-thumbnail size-thumbnail\" alt=\"\" srcset=\"https:\/\/linemakeup.com\/wp-content\/uploads\/2023\/06\/linemakeup-brow-lift-formation-esthetique-en-ligne-150x150.png 150w, https:\/\/linemakeup.com\/wp-content\/uploads\/2023\/06\/linemakeup-brow-lift-formation-esthetique-en-ligne-300x300.png 300w, https:\/\/linemakeup.com\/wp-content\/uploads\/2023\/06\/linemakeup-brow-lift-formation-esthetique-en-ligne-100x100.png 100w\" sizes=\"auto, (max-width: 150px) 100vw, 150px\" \/>\n\t\t\t<\/div><\/figure><figure class='gallery-item'>\n\t\t\t<div class='gallery-icon portrait'>\n\t\t\t\t<img loading=\"lazy\" decoding=\"async\" width=\"150\" height=\"150\" src=\"https:\/\/linemakeup.com\/wp-content\/uploads\/2023\/06\/linemakeup-extentions-de-cil-a-cil-rehaussement-formation-esthetique-en-ligne-150x150.png\" class=\"attachment-thumbnail size-thumbnail\" alt=\"\" srcset=\"https:\/\/linemakeup.com\/wp-content\/uploads\/2023\/06\/linemakeup-extentions-de-cil-a-cil-rehaussement-formation-esthetique-en-ligne-150x150.png 150w, https:\/\/linemakeup.com\/wp-content\/uploads\/2023\/06\/linemakeup-extentions-de-cil-a-cil-rehaussement-formation-esthetique-en-ligne-300x300.png 300w, https:\/\/linemakeup.com\/wp-content\/uploads\/2023\/06\/linemakeup-extentions-de-cil-a-cil-rehaussement-formation-esthetique-en-ligne-100x100.png 100w\" sizes=\"auto, (max-width: 150px) 100vw, 150px\" \/>\n\t\t\t<\/div><\/figure><figure class='gallery-item'>\n\t\t\t<div class='gallery-icon portrait'>\n\t\t\t\t<img loading=\"lazy\" decoding=\"async\" width=\"150\" height=\"150\" src=\"https:\/\/linemakeup.com\/wp-content\/uploads\/2023\/06\/linemakeup-extentions-de-cil-a-cil-volume-russe-formation-esthetique-en-ligne-150x150.png\" class=\"attachment-thumbnail size-thumbnail\" alt=\"\" srcset=\"https:\/\/linemakeup.com\/wp-content\/uploads\/2023\/06\/linemakeup-extentions-de-cil-a-cil-volume-russe-formation-esthetique-en-ligne-150x150.png 150w, https:\/\/linemakeup.com\/wp-content\/uploads\/2023\/06\/linemakeup-extentions-de-cil-a-cil-volume-russe-formation-esthetique-en-ligne-300x300.png 300w, https:\/\/linemakeup.com\/wp-content\/uploads\/2023\/06\/linemakeup-extentions-de-cil-a-cil-volume-russe-formation-esthetique-en-ligne-100x100.png 100w\" sizes=\"auto, (max-width: 150px) 100vw, 150px\" \/>\n\t\t\t<\/div><\/figure><figure class='gallery-item'>\n\t\t\t<div class='gallery-icon portrait'>\n\t\t\t\t<img loading=\"lazy\" decoding=\"async\" width=\"150\" height=\"150\" src=\"https:\/\/linemakeup.com\/wp-content\/uploads\/2023\/06\/linemakeup-extentions-de-cil-a-cil-formation-esthetique-en-ligne-150x150.png\" class=\"attachment-thumbnail size-thumbnail\" alt=\"\" srcset=\"https:\/\/linemakeup.com\/wp-content\/uploads\/2023\/06\/linemakeup-extentions-de-cil-a-cil-formation-esthetique-en-ligne-150x150.png 150w, https:\/\/linemakeup.com\/wp-content\/uploads\/2023\/06\/linemakeup-extentions-de-cil-a-cil-formation-esthetique-en-ligne-300x300.png 300w, https:\/\/linemakeup.com\/wp-content\/uploads\/2023\/06\/linemakeup-extentions-de-cil-a-cil-formation-esthetique-en-ligne-100x100.png 100w\" sizes=\"auto, (max-width: 150px) 100vw, 150px\" \/>\n\t\t\t<\/div><\/figure><figure class='gallery-item'>\n\t\t\t<div class='gallery-icon portrait'>\n\t\t\t\t<img loading=\"lazy\" decoding=\"async\" width=\"150\" height=\"150\" src=\"https:\/\/linemakeup.com\/wp-content\/uploads\/2023\/06\/linemakeup-formation-blanchiment-dentaire-esthetique-en-ligne-150x150.png\" class=\"attachment-thumbnail size-thumbnail\" alt=\"\" srcset=\"https:\/\/linemakeup.com\/wp-content\/uploads\/2023\/06\/linemakeup-formation-blanchiment-dentaire-esthetique-en-ligne-150x150.png 150w, https:\/\/linemakeup.com\/wp-content\/uploads\/2023\/06\/linemakeup-formation-blanchiment-dentaire-esthetique-en-ligne-300x300.png 300w, https:\/\/linemakeup.com\/wp-content\/uploads\/2023\/06\/linemakeup-formation-blanchiment-dentaire-esthetique-en-ligne-100x100.png 100w\" sizes=\"auto, (max-width: 150px) 100vw, 150px\" \/>\n\t\t\t<\/div><\/figure><figure class='gallery-item'>\n\t\t\t<div class='gallery-icon portrait'>\n\t\t\t\t<img loading=\"lazy\" decoding=\"async\" width=\"150\" height=\"150\" src=\"https:\/\/linemakeup.com\/wp-content\/uploads\/2023\/06\/linemakeup-lifting-colombien-formation-esthetique-en-ligne-150x150.png\" class=\"attachment-thumbnail size-thumbnail\" alt=\"\" srcset=\"https:\/\/linemakeup.com\/wp-content\/uploads\/2023\/06\/linemakeup-lifting-colombien-formation-esthetique-en-ligne-150x150.png 150w, https:\/\/linemakeup.com\/wp-content\/uploads\/2023\/06\/linemakeup-lifting-colombien-formation-esthetique-en-ligne-300x300.png 300w, https:\/\/linemakeup.com\/wp-content\/uploads\/2023\/06\/linemakeup-lifting-colombien-formation-esthetique-en-ligne-100x100.png 100w\" sizes=\"auto, (max-width: 150px) 100vw, 150px\" \/>\n\t\t\t<\/div><\/figure><figure class='gallery-item'>\n\t\t\t<div class='gallery-icon portrait'>\n\t\t\t\t<img loading=\"lazy\" decoding=\"async\" width=\"150\" height=\"150\" src=\"https:\/\/linemakeup.com\/wp-content\/uploads\/2023\/06\/linemakeup-massage-californien-formation-esthetique-en-ligne-150x150.png\" class=\"attachment-thumbnail size-thumbnail\" alt=\"\" srcset=\"https:\/\/linemakeup.com\/wp-content\/uploads\/2023\/06\/linemakeup-massage-californien-formation-esthetique-en-ligne-150x150.png 150w, https:\/\/linemakeup.com\/wp-content\/uploads\/2023\/06\/linemakeup-massage-californien-formation-esthetique-en-ligne-300x300.png 300w, https:\/\/linemakeup.com\/wp-content\/uploads\/2023\/06\/linemakeup-massage-californien-formation-esthetique-en-ligne-100x100.png 100w\" sizes=\"auto, (max-width: 150px) 100vw, 150px\" \/>\n\t\t\t<\/div><\/figure><figure class='gallery-item'>\n\t\t\t<div class='gallery-icon portrait'>\n\t\t\t\t<img loading=\"lazy\" decoding=\"async\" width=\"150\" height=\"150\" src=\"https:\/\/linemakeup.com\/wp-content\/uploads\/2023\/06\/linemakeup-onglerie-gel-capsul-formation-esthetique-en-ligne-150x150.png\" class=\"attachment-thumbnail size-thumbnail\" alt=\"\" srcset=\"https:\/\/linemakeup.com\/wp-content\/uploads\/2023\/06\/linemakeup-onglerie-gel-capsul-formation-esthetique-en-ligne-150x150.png 150w, https:\/\/linemakeup.com\/wp-content\/uploads\/2023\/06\/linemakeup-onglerie-gel-capsul-formation-esthetique-en-ligne-300x300.png 300w, https:\/\/linemakeup.com\/wp-content\/uploads\/2023\/06\/linemakeup-onglerie-gel-capsul-formation-esthetique-en-ligne-100x100.png 100w\" sizes=\"auto, (max-width: 150px) 100vw, 150px\" \/>\n\t\t\t<\/div><\/figure><figure class='gallery-item'>\n\t\t\t<div class='gallery-icon portrait'>\n\t\t\t\t<img loading=\"lazy\" decoding=\"async\" width=\"150\" height=\"150\" src=\"https:\/\/linemakeup.com\/wp-content\/uploads\/2023\/06\/linemakeup-onglerie-gel-chablon-formation-esthetique-en-ligne-150x150.png\" class=\"attachment-thumbnail size-thumbnail\" alt=\"\" srcset=\"https:\/\/linemakeup.com\/wp-content\/uploads\/2023\/06\/linemakeup-onglerie-gel-chablon-formation-esthetique-en-ligne-150x150.png 150w, https:\/\/linemakeup.com\/wp-content\/uploads\/2023\/06\/linemakeup-onglerie-gel-chablon-formation-esthetique-en-ligne-300x300.png 300w, https:\/\/linemakeup.com\/wp-content\/uploads\/2023\/06\/linemakeup-onglerie-gel-chablon-formation-esthetique-en-ligne-100x100.png 100w\" sizes=\"auto, (max-width: 150px) 100vw, 150px\" \/>\n\t\t\t<\/div><\/figure><figure class='gallery-item'>\n\t\t\t<div class='gallery-icon portrait'>\n\t\t\t\t<img loading=\"lazy\" decoding=\"async\" width=\"150\" height=\"150\" src=\"https:\/\/linemakeup.com\/wp-content\/uploads\/2023\/06\/linemakeup-onglerie-semi-permanent-formation-esthetique-en-ligne-150x150.png\" class=\"attachment-thumbnail size-thumbnail\" alt=\"\" srcset=\"https:\/\/linemakeup.com\/wp-content\/uploads\/2023\/06\/linemakeup-onglerie-semi-permanent-formation-esthetique-en-ligne-150x150.png 150w, https:\/\/linemakeup.com\/wp-content\/uploads\/2023\/06\/linemakeup-onglerie-semi-permanent-formation-esthetique-en-ligne-300x300.png 300w, https:\/\/linemakeup.com\/wp-content\/uploads\/2023\/06\/linemakeup-onglerie-semi-permanent-formation-esthetique-en-ligne-100x100.png 100w\" sizes=\"auto, (max-width: 150px) 100vw, 150px\" \/>\n\t\t\t<\/div><\/figure>\n\t\t<\/div>\n\n<p style=\"text-align: center;\">","protected":false},"excerpt":{"rendered":"<p>Prix r\u00e9serv\u00e9 aux Demandeurs d&#8217;Emploi D\u00e9posez votre attestation Demandeur d&#8217;Emploi et passez la commande pour b\u00e9n\u00e9ficier de votre r\u00e9duction. Nous proc\u00e9dons \u00e0 la v\u00e9rification de vos donn\u00e9es.\u00a0Apr\u00e8s validation, une notification par mail vous sera envoy\u00e9e imm\u00e9diatement. Avec le Pack des Formations Linemakeup, pendant 3\u00a0mois, vous avez la possibilit\u00e9 de regarder autant de vid\u00e9os\u00a0que vous le&#8230;<\/p>","protected":false},"featured_media":28738,"template":"","meta":{"_seopress_robots_primary_cat":"none","_seopress_titles_title":"Pack Formations Esth\u00e9tiques DE 10\u20ac","_seopress_titles_desc":"","_seopress_robots_index":"","_coblocks_attr":"","_coblocks_dimensions":"","_coblocks_responsive_height":"","_coblocks_accordion_ie_support":"","_eb_attr":"","_kad_post_transparent":"default","_kad_post_title":"","_kad_post_layout":"default","_kad_post_sidebar_id":"","_kad_post_content_style":"default","_kad_post_vertical_padding":"default","_kad_post_feature":"","_kad_post_feature_position":"","_kad_post_header":false,"_kad_post_footer":false,"_kad_post_classname":"","_jet_sm_ready_style":"","_jet_sm_style":"","_jet_sm_controls_values":"","_jet_sm_fonts_collection":"","_jet_sm_fonts_links":""},"product_brand":[],"product_cat":[58],"product_tag":[],"class_list":{"0":"post-39804","1":"product","2":"type-product","3":"status-publish","4":"has-post-thumbnail","6":"product_cat-de","8":"first","9":"instock","10":"virtual","11":"sold-individually","12":"purchasable","13":"product-type-simple","14":"entry","15":"content-bg","16":"loop-entry"},"_links":{"self":[{"href":"https:\/\/linemakeup.com\/en\/wp-json\/wp\/v2\/product\/39804","targetHints":{"allow":["GET"]}}],"collection":[{"href":"https:\/\/linemakeup.com\/en\/wp-json\/wp\/v2\/product"}],"about":[{"href":"https:\/\/linemakeup.com\/en\/wp-json\/wp\/v2\/types\/product"}],"wp:featuredmedia":[{"embeddable":true,"href":"https:\/\/linemakeup.com\/en\/wp-json\/wp\/v2\/media\/28738"}],"wp:attachment":[{"href":"https:\/\/linemakeup.com\/en\/wp-json\/wp\/v2\/media?parent=39804"}],"wp:term":[{"taxonomy":"product_brand","embeddable":true,"href":"https:\/\/linemakeup.com\/en\/wp-json\/wp\/v2\/product_brand?post=39804"},{"taxonomy":"product_cat","embeddable":true,"href":"https:\/\/linemakeup.com\/en\/wp-json\/wp\/v2\/product_cat?post=39804"},{"taxonomy":"product_tag","embeddable":true,"href":"https:\/\/linemakeup.com\/en\/wp-json\/wp\/v2\/product_tag?post=39804"}],"curies":[{"name":"wp","href":"https:\/\/api.w.org\/{rel}","templated":true}]}}